{"id":825,"date":"2025-06-08T09:47:57","date_gmt":"2025-06-08T09:47:57","guid":{"rendered":"https:\/\/www.nimfetka.pl\/?post_type=product&#038;p=825"},"modified":"2025-06-29T16:17:32","modified_gmt":"2025-06-29T16:17:32","slug":"koszulka-nocna-amour-de-soie","status":"publish","type":"product","link":"https:\/\/www.nimfetka.pl\/index.php\/produkt\/koszulka-nocna-amour-de-soie\/","title":{"rendered":"KOSZULKA NOCNA AMOUR DE SOIE"},"content":{"rendered":"<p data-start=\"129\" data-end=\"300\">Zanurz si\u0119 w luksusie dotyku. <strong data-start=\"159\" data-end=\"176\">Amour de Soie<\/strong> to wi\u0119cej ni\u017c nocna koszulka \u2013 to zaproszenie do gry zmys\u0142\u00f3w, gdzie ka\u017cda linia, ka\u017cdy detal, celebruje kobiec\u0105 zmys\u0142owo\u015b\u0107.<\/p>\n<p data-start=\"302\" data-end=\"719\">Wykonana z jedwabi\u015bcie mi\u0119kkiego materia\u0142u, ta <strong data-start=\"349\" data-end=\"370\">satynowa babydoll<\/strong> otula cia\u0142o jak ciep\u0142y szept. G\u0142adka tkanina subtelnie op\u0142ywa sylwetk\u0119, eksponuj\u0105c jej kr\u0105g\u0142o\u015bci i zapewniaj\u0105c niesamowity komfort. Boczny rozporek dodaje pikanterii i finezyjnie ods\u0142ania nogi przy ka\u017cdym ruchu. Delikatna <strong data-start=\"593\" data-end=\"618\">koronka przy dekolcie<\/strong> oraz <strong data-start=\"624\" data-end=\"657\">cienkie, regulowane rami\u0105czka<\/strong> nadaj\u0105 ca\u0142o\u015bci egzotycznego charakteru i wyj\u0105tkowej lekko\u015bci.<\/p>\n<p data-start=\"721\" data-end=\"814\">To bielizna, w kt\u00f3rej kobieta wygl\u0105da tak, jak si\u0119 czuje \u2013 <strong data-start=\"780\" data-end=\"813\">wyj\u0105tkowo, seksownie i pewnie<\/strong>.<\/p>\n<p data-start=\"816\" data-end=\"908\"><strong data-start=\"816\" data-end=\"838\">Zawarto\u015b\u0107 zestawu:<\/strong><br data-start=\"838\" data-end=\"841\" \/>\u2013 Koszulka nocna babydoll z bocznym rozci\u0119ciem<br data-start=\"887\" data-end=\"890\" \/>\u2013 Pasuj\u0105ce stringi<\/p>\n<p data-start=\"910\" data-end=\"1027\"><strong data-start=\"910\" data-end=\"925\">Idealna na:<\/strong> romantyczny wiecz\u00f3r, noc pe\u0142n\u0105 obietnic lub po prostu wtedy, gdy chcesz czu\u0107 si\u0119 pi\u0119kna \u2013 dla siebie.<\/p>\n<div style=\"width: 1080px;\" class=\"wp-video\"><video class=\"wp-video-shortcode\" id=\"video-825-1\" width=\"1080\" height=\"1920\" preload=\"metadata\" controls=\"controls\"><source type=\"video\/mp4\" src=\"https:\/\/www.nimfetka.pl\/wp-content\/uploads\/2025\/06\/AmourDeSoie-GOTOWE.mp4?_=1\" \/><a href=\"https:\/\/www.nimfetka.pl\/wp-content\/uploads\/2025\/06\/AmourDeSoie-GOTOWE.mp4\">https:\/\/www.nimfetka.pl\/wp-content\/uploads\/2025\/06\/AmourDeSoie-GOTOWE.mp4<\/a><\/video><\/div>\n","protected":false},"excerpt":{"rendered":"<p>Tabela rozmiar\u00f3w:<\/p>\n<p><strong>Rozmiar S:<\/strong> Biust: 82-87 cm, talia: 65-70 cm, d\u0142ugo\u015b\u0107: 52 cm<br \/>\n<strong>Rozmiar M:<\/strong> Biust: 88-93 cm, talia: 71-75 cm, d\u0142ugo\u015b\u0107: 53 cm<br \/>\n<strong>Rozmiar L:<\/strong> Biust: 94-99 cm, talia: 76-81 cm, d\u0142ugo\u015b\u0107: 54 cm<br \/>\n<strong>Rozmiar XL:<\/strong> Biust: 100-105 cm, talia: 82-87 cm, d\u0142ugo\u015b\u0107: 55 cm<br \/>\n<strong>Rozmiar 2XL:<\/strong> Biust: 106-110 cm, talia: 88-93 cm, d\u0142ugo\u015b\u0107: 56 cm<\/p>\n<p>Uwaga:<br \/>\n\u2013 Mo\u017ce wyst\u0105pi\u0107 odchylenie rz\u0119du 1\u20132 cm w r\u00f3\u017cnych rozmiarach i miejscach pomiaru.<br \/>\n\u2013 Kolor mo\u017ce by\u0107 ja\u015bniejszy lub ciemniejszy ze wzgl\u0119du na r\u00f3\u017cne ekrany.<\/p>\n","protected":false},"featured_media":826,"comment_status":"open","ping_status":"closed","template":"","meta":{"neve_meta_sidebar":"","neve_meta_container":"","neve_meta_enable_content_width":"off","neve_meta_content_width":100,"neve_meta_title_alignment":"","neve_meta_author_avatar":"","neve_post_elements_order":"","neve_meta_disable_header":"","neve_meta_disable_footer":"","neve_meta_disable_title":"","_themeisle_gutenberg_block_has_review":false},"product_brand":[],"product_cat":[25],"product_tag":[],"class_list":{"0":"post-825","1":"product","2":"type-product","3":"status-publish","4":"has-post-thumbnail","6":"product_cat-koszulki-nocne","8":"first","9":"instock","10":"sale","11":"taxable","12":"shipping-taxable","13":"purchasable","14":"product-type-variable"},"jetpack_sharing_enabled":true,"_links":{"self":[{"href":"https:\/\/www.nimfetka.pl\/index.php\/wp-json\/wp\/v2\/product\/825","targetHints":{"allow":["GET"]}}],"collection":[{"href":"https:\/\/www.nimfetka.pl\/index.php\/wp-json\/wp\/v2\/product"}],"about":[{"href":"https:\/\/www.nimfetka.pl\/index.php\/wp-json\/wp\/v2\/types\/product"}],"replies":[{"embeddable":true,"href":"https:\/\/www.nimfetka.pl\/index.php\/wp-json\/wp\/v2\/comments?post=825"}],"wp:featuredmedia":[{"embeddable":true,"href":"https:\/\/www.nimfetka.pl\/index.php\/wp-json\/wp\/v2\/media\/826"}],"wp:attachment":[{"href":"https:\/\/www.nimfetka.pl\/index.php\/wp-json\/wp\/v2\/media?parent=825"}],"wp:term":[{"taxonomy":"product_brand","embeddable":true,"href":"https:\/\/www.nimfetka.pl\/index.php\/wp-json\/wp\/v2\/product_brand?post=825"},{"taxonomy":"product_cat","embeddable":true,"href":"https:\/\/www.nimfetka.pl\/index.php\/wp-json\/wp\/v2\/product_cat?post=825"},{"taxonomy":"product_tag","embeddable":true,"href":"https:\/\/www.nimfetka.pl\/index.php\/wp-json\/wp\/v2\/product_tag?post=825"}],"curies":[{"name":"wp","href":"https:\/\/api.w.org\/{rel}","templated":true}]}}