{"id":783,"date":"2025-06-01T22:07:11","date_gmt":"2025-06-01T22:07:11","guid":{"rendered":"https:\/\/www.nimfetka.pl\/?post_type=product&#038;p=783"},"modified":"2025-07-02T21:31:02","modified_gmt":"2025-07-02T21:31:02","slug":"koronkowy-komplet-lille-tentation","status":"publish","type":"product","link":"https:\/\/www.nimfetka.pl\/index.php\/produkt\/koronkowy-komplet-lille-tentation\/","title":{"rendered":"KORONKOWY KOMPLET LILLE TENTATION"},"content":{"rendered":"<p data-start=\"178\" data-end=\"470\">Wyrafinowany, trzycz\u0119\u015bciowy zestaw bielizny <strong>LILLE TENTATION<\/strong> to ho\u0142d dla kobieco\u015bci i subtelnej zmys\u0142owo\u015bci. Sk\u0142adaj\u0105cy si\u0119 z <strong data-start=\"291\" data-end=\"335\">biustonosza, string\u00f3w i pasa do po\u0144czoch<\/strong>, komplet zosta\u0142 ozdobiony misternym, <strong data-start=\"373\" data-end=\"393\">kwiatowym haftem<\/strong>, kt\u00f3ry oplata cia\u0142o niczym finezyjny tatua\u017c \u2013 zmys\u0142owy, delikatny i kusz\u0105cy.<\/p>\n<p data-start=\"472\" data-end=\"766\"><strong data-start=\"472\" data-end=\"513\">Biustonosz z regulowanymi rami\u0105czkami<\/strong> oraz <strong data-start=\"519\" data-end=\"554\">dwurz\u0119dowym zapi\u0119ciem na haftki<\/strong> idealnie dopasowuje si\u0119 do sylwetki, pi\u0119knie unosz\u0105c i podkre\u015blaj\u0105c biust. Transparentna tkanina i kwiatowe zdobienia tworz\u0105 gr\u0119 \u015bwiat\u0142a i cienia, ods\u0142aniaj\u0105c dok\u0142adnie tyle, ile trzeba, by rozbudzi\u0107 wyobra\u017ani\u0119.<\/p>\n<p data-start=\"768\" data-end=\"989\"><strong data-start=\"768\" data-end=\"808\">Pas do po\u0144czoch z solidnymi klamrami<\/strong> gwarantuje stabilno\u015b\u0107 i komfort noszenia, a jednocze\u015bnie zmys\u0142owo podkre\u015bla tali\u0119 i biodra. <strong data-start=\"901\" data-end=\"912\">Stringi<\/strong> dope\u0142niaj\u0105 ca\u0142o\u015b\u0107, eksponuj\u0105c kobiece kszta\u0142ty w najbardziej pon\u0119tny spos\u00f3b.<\/p>\n<p data-start=\"991\" data-end=\"1079\">Ten zestaw nie jest tylko bielizn\u0105 \u2013 to manifestacja kobiecej si\u0142y, wdzi\u0119ku i elegancji.<\/p>\n<p data-start=\"1081\" data-end=\"1095\"><strong data-start=\"1081\" data-end=\"1095\">W skr\u00f3cie:<\/strong><\/p>\n<ul data-start=\"1096\" data-end=\"1368\">\n<li data-start=\"1096\" data-end=\"1158\">\n<p data-start=\"1098\" data-end=\"1158\">Trzycz\u0119\u015bciowy zestaw: biustonosz, stringi, pas do po\u0144czoch<\/p>\n<\/li>\n<li data-start=\"1159\" data-end=\"1213\">\n<p data-start=\"1161\" data-end=\"1213\">Delikatny haft kwiatowy na transparentnej tkaninie<\/p>\n<\/li>\n<li data-start=\"1214\" data-end=\"1257\">\n<p data-start=\"1216\" data-end=\"1257\">Regulowane rami\u0105czka, dwurz\u0119dowe haftki<\/p>\n<\/li>\n<li data-start=\"1258\" data-end=\"1315\">\n<p data-start=\"1260\" data-end=\"1315\">Wysokiej jako\u015bci klamry do po\u0144czoch \u2013 pewne i wygodne<\/p>\n<\/li>\n<li data-start=\"1316\" data-end=\"1368\">\n<p data-start=\"1318\" data-end=\"1368\">Idealny na romantyczne wieczory i wyj\u0105tkowe okazje<\/p>\n<\/li>\n<\/ul>\n","protected":false},"excerpt":{"rendered":"<div class=\"woocommerce-product-details__short-description\">\n<p>Tabela rozmiar\u00f3w:<\/p>\n<p><strong>Rozmiar S:<\/strong> Biust: 81-86 cm, talia: 58-64 cm, biodra 86-91 cm<br \/>\n<strong>Rozmiar M:<\/strong> Biust: 86-94 cm, talia: 64-71 cm, biodra 91-99 cm<br \/>\n<strong>Rozmiar L:<\/strong> Biust: 95-102 cm, talia: 71-79 cm, biodra 99-104 cm<\/p>\n<p>Uwaga:<br \/>\n\u2013 Mo\u017ce wyst\u0105pi\u0107 odchylenie rz\u0119du 1\u20132 cm w r\u00f3\u017cnych rozmiarach i miejscach pomiaru.<br \/>\n\u2013 Kolor mo\u017ce by\u0107 ja\u015bniejszy lub ciemniejszy ze wzgl\u0119du na r\u00f3\u017cne ekrany komputera.<\/p>\n<\/div>\n","protected":false},"featured_media":784,"comment_status":"open","ping_status":"closed","template":"","meta":{"neve_meta_sidebar":"","neve_meta_container":"","neve_meta_enable_content_width":"off","neve_meta_content_width":100,"neve_meta_title_alignment":"","neve_meta_author_avatar":"","neve_post_elements_order":"","neve_meta_disable_header":"","neve_meta_disable_footer":"","neve_meta_disable_title":"","_themeisle_gutenberg_block_has_review":false},"product_brand":[],"product_cat":[20],"product_tag":[],"class_list":{"0":"post-783","1":"product","2":"type-product","3":"status-publish","4":"has-post-thumbnail","6":"product_cat-komplety-bielizny","8":"first","9":"instock","10":"sale","11":"taxable","12":"shipping-taxable","13":"purchasable","14":"product-type-variable"},"jetpack_sharing_enabled":true,"_links":{"self":[{"href":"https:\/\/www.nimfetka.pl\/index.php\/wp-json\/wp\/v2\/product\/783","targetHints":{"allow":["GET"]}}],"collection":[{"href":"https:\/\/www.nimfetka.pl\/index.php\/wp-json\/wp\/v2\/product"}],"about":[{"href":"https:\/\/www.nimfetka.pl\/index.php\/wp-json\/wp\/v2\/types\/product"}],"replies":[{"embeddable":true,"href":"https:\/\/www.nimfetka.pl\/index.php\/wp-json\/wp\/v2\/comments?post=783"}],"wp:featuredmedia":[{"embeddable":true,"href":"https:\/\/www.nimfetka.pl\/index.php\/wp-json\/wp\/v2\/media\/784"}],"wp:attachment":[{"href":"https:\/\/www.nimfetka.pl\/index.php\/wp-json\/wp\/v2\/media?parent=783"}],"wp:term":[{"taxonomy":"product_brand","embeddable":true,"href":"https:\/\/www.nimfetka.pl\/index.php\/wp-json\/wp\/v2\/product_brand?post=783"},{"taxonomy":"product_cat","embeddable":true,"href":"https:\/\/www.nimfetka.pl\/index.php\/wp-json\/wp\/v2\/product_cat?post=783"},{"taxonomy":"product_tag","embeddable":true,"href":"https:\/\/www.nimfetka.pl\/index.php\/wp-json\/wp\/v2\/product_tag?post=783"}],"curies":[{"name":"wp","href":"https:\/\/api.w.org\/{rel}","templated":true}]}}