{"id":721,"date":"2025-06-01T16:27:00","date_gmt":"2025-06-01T16:27:00","guid":{"rendered":"https:\/\/www.nimfetka.pl\/?post_type=product&#038;p=721"},"modified":"2026-02-21T08:30:30","modified_gmt":"2026-02-21T08:30:30","slug":"koronkowy-komplet-nice-eclat","status":"publish","type":"product","link":"https:\/\/www.nimfetka.pl\/index.php\/produkt\/koronkowy-komplet-nice-eclat\/","title":{"rendered":"KORONKOWY KOMPLET NICE \u00c9CLAT"},"content":{"rendered":"<p data-start=\"117\" data-end=\"397\">Trzycz\u0119\u015bciowy <strong data-start=\"174\" data-end=\"224\">koronkowy zestaw bielizny z pasami do po\u0144czoch<\/strong> <strong data-start=\"303\" data-end=\"317\">Nice \u00c9clat<\/strong>\u00a0 to zmys\u0142owa oda do kobiecego cia\u0142a. Delikatna kwiatowa koronka, subtelne satynowe kokardki i wyci\u0119cia w kszta\u0142cie serca tworz\u0105 kompozycj\u0119, kt\u00f3ra zachwyca \u2013 z ka\u017cdej strony.<\/p>\n<p data-start=\"399\" data-end=\"726\">Biustonosz z dekoltem w serek i misternymi paskami podkre\u015bla lini\u0119 biustu, podczas gdy majtki z wysokim stanem modeluj\u0105 tali\u0119, jednocze\u015bnie ods\u0142aniaj\u0105c to, co najpi\u0119kniejsze. Pasy do po\u0144czoch z regulacj\u0105 i metalowymi klipsami dodaj\u0105 niegrzecznego charakteru, a jednocze\u015bnie zapewniaj\u0105 idealne dopasowanie do Twoich kszta\u0142t\u00f3w.<\/p>\n<p data-start=\"728\" data-end=\"981\">Wykonany z elastycznego i przyjemnego w dotyku materia\u0142u (85% nylon, 15% spandex), ten zestaw nie tylko wygl\u0105da spektakularnie, ale i nosi si\u0119 z komfortem. Nie gryzie, nie drapie, nie traci blasku \u2013 jest stworzony, by\u015b czu\u0142a si\u0119 pi\u0119knie <strong data-start=\"965\" data-end=\"980\">ka\u017cdej nocy<\/strong>.<\/p>\n<p data-start=\"983\" data-end=\"1303\"><strong data-start=\"983\" data-end=\"1009\">Dlaczego go pokochasz:<\/strong><br data-start=\"1009\" data-end=\"1012\" \/>\u2013 Kwiatowa koronka z efektownym wyci\u0119ciem w serce<br data-start=\"1061\" data-end=\"1064\" \/>\u2013 Biustonosz z regulowanymi rami\u0105czkami spaghetti i zapi\u0119ciem na haftki<br data-start=\"1135\" data-end=\"1138\" \/>\u2013 Majtki z wysokim stanem i paskami do po\u0144czoch z metalowymi klipsami<br data-start=\"1207\" data-end=\"1210\" \/>\u2013 Elastyczny materia\u0142, kt\u00f3ry doskonale uk\u0142ada si\u0119 na ciele<br data-start=\"1268\" data-end=\"1271\" \/>\u2013 Elegancja z odwa\u017cnym twistem<\/p>\n<p data-start=\"1305\" data-end=\"1393\"><strong data-start=\"1305\" data-end=\"1320\">W zestawie:<\/strong><br data-start=\"1320\" data-end=\"1323\" \/>\u2013 Koronkowy biustonosz<br data-start=\"1345\" data-end=\"1348\" \/>\u2013 Majtki z wysokim stanem<br data-start=\"1373\" data-end=\"1376\" \/>\u2013 Pas do po\u0144czoch<\/p>\n<p data-start=\"1395\" data-end=\"1479\"><strong data-start=\"1395\" data-end=\"1411\">Piel\u0119gnacja:<\/strong><br data-start=\"1411\" data-end=\"1414\" \/>Pranie r\u0119czne w temperaturze do 40\u00b0C<\/p>\n<p data-start=\"1481\" data-end=\"1527\"><strong data-start=\"1481\" data-end=\"1491\">Efekt?<\/strong> Nimfetka, kt\u00f3rej si\u0119 nie zapomina&#8230;<\/p>\n<div style=\"width: 1200px;\" class=\"wp-video\"><video class=\"wp-video-shortcode\" id=\"video-721-1\" width=\"1200\" height=\"675\" preload=\"metadata\" controls=\"controls\"><source type=\"video\/mp4\" src=\"https:\/\/www.nimfetka.pl\/wp-content\/uploads\/2025\/06\/Nice-eclat-1-GOTOWE.mp4?_=1\" \/><a href=\"https:\/\/www.nimfetka.pl\/wp-content\/uploads\/2025\/06\/Nice-eclat-1-GOTOWE.mp4\">https:\/\/www.nimfetka.pl\/wp-content\/uploads\/2025\/06\/Nice-eclat-1-GOTOWE.mp4<\/a><\/video><\/div>\n","protected":false},"excerpt":{"rendered":"<p>Tabela rozmiar\u00f3w:<\/p>\n<p><strong>Rozmiar S:<\/strong> Pod biustem: 84-88 cm, talia: 68-73 cm<br \/>\n<strong>Rozmiar M:<\/strong> Pod biustem: 89-94 cm, talia: 74-78 cm<br \/>\n<strong>Rozmiar L:<\/strong> Pod biustem: 95-100 cm, talia: 79-85 cm<br \/>\n<strong>Rozmiar XL:<\/strong> Pod biustem: 101-106 cm, talia: 86-92 cm<br \/>\n<strong>Rozmiar 2XL:<\/strong> Pod biustem: 107-112 cm, talia: 93-98 cm<\/p>\n<p>Uwaga:<br \/>\n\u2013 Mo\u017ce wyst\u0105pi\u0107 odchylenie rz\u0119du 1\u20132 cm w r\u00f3\u017cnych rozmiarach i miejscach pomiaru.<br \/>\n\u2013 Kolor mo\u017ce by\u0107 ja\u015bniejszy lub ciemniejszy ze wzgl\u0119du na r\u00f3\u017cne ekrany komputera.<\/p>\n","protected":false},"featured_media":725,"comment_status":"open","ping_status":"closed","template":"","meta":{"neve_meta_sidebar":"","neve_meta_container":"","neve_meta_enable_content_width":"off","neve_meta_content_width":100,"neve_meta_title_alignment":"","neve_meta_author_avatar":"","neve_post_elements_order":"","neve_meta_disable_header":"","neve_meta_disable_footer":"","neve_meta_disable_title":"","_themeisle_gutenberg_block_has_review":false},"product_brand":[],"product_cat":[20],"product_tag":[],"class_list":{"0":"post-721","1":"product","2":"type-product","3":"status-publish","4":"has-post-thumbnail","6":"product_cat-komplety-bielizny","8":"first","9":"instock","10":"sale","11":"taxable","12":"shipping-taxable","13":"purchasable","14":"product-type-variable"},"jetpack_sharing_enabled":true,"_links":{"self":[{"href":"https:\/\/www.nimfetka.pl\/index.php\/wp-json\/wp\/v2\/product\/721","targetHints":{"allow":["GET"]}}],"collection":[{"href":"https:\/\/www.nimfetka.pl\/index.php\/wp-json\/wp\/v2\/product"}],"about":[{"href":"https:\/\/www.nimfetka.pl\/index.php\/wp-json\/wp\/v2\/types\/product"}],"replies":[{"embeddable":true,"href":"https:\/\/www.nimfetka.pl\/index.php\/wp-json\/wp\/v2\/comments?post=721"}],"wp:featuredmedia":[{"embeddable":true,"href":"https:\/\/www.nimfetka.pl\/index.php\/wp-json\/wp\/v2\/media\/725"}],"wp:attachment":[{"href":"https:\/\/www.nimfetka.pl\/index.php\/wp-json\/wp\/v2\/media?parent=721"}],"wp:term":[{"taxonomy":"product_brand","embeddable":true,"href":"https:\/\/www.nimfetka.pl\/index.php\/wp-json\/wp\/v2\/product_brand?post=721"},{"taxonomy":"product_cat","embeddable":true,"href":"https:\/\/www.nimfetka.pl\/index.php\/wp-json\/wp\/v2\/product_cat?post=721"},{"taxonomy":"product_tag","embeddable":true,"href":"https:\/\/www.nimfetka.pl\/index.php\/wp-json\/wp\/v2\/product_tag?post=721"}],"curies":[{"name":"wp","href":"https:\/\/api.w.org\/{rel}","templated":true}]}}