{"id":677,"date":"2025-06-01T15:41:36","date_gmt":"2025-06-01T15:41:36","guid":{"rendered":"https:\/\/www.nimfetka.pl\/?post_type=product&#038;p=677"},"modified":"2025-06-27T19:52:22","modified_gmt":"2025-06-27T19:52:22","slug":"koszulka-nocna-z-szlafrokiem-velours-secret","status":"publish","type":"product","link":"https:\/\/www.nimfetka.pl\/index.php\/produkt\/koszulka-nocna-z-szlafrokiem-velours-secret\/","title":{"rendered":"KOSZULKA NOCNA Z SZLAFROKIEM VELOURS SECRET"},"content":{"rendered":"<p data-start=\"117\" data-end=\"357\">Zanurz si\u0119 w luksusowym komforcie i uwodzicielskim uroku wyj\u0105tkowej koszulki nocnej z szlafrokiem <strong>Velours Secret<\/strong>, stworzonej z my\u015bl\u0105 o kobietach, kt\u00f3re kochaj\u0105 czu\u0107 si\u0119 pi\u0119kne \u2013 nie tylko dla kogo\u015b, ale przede wszystkim dla siebie.<\/p>\n<p data-start=\"359\" data-end=\"763\">Wykonana z jedwabi\u015bcie mi\u0119kkiej mieszanki 90% poliestru i 10% spandexu. Ta <strong data-start=\"434\" data-end=\"464\">zmys\u0142owa koszulka babydoll<\/strong> doskonale dopasowuje si\u0119 do cia\u0142a, subtelnie podkre\u015blaj\u0105c kszta\u0142ty i zapewniaj\u0105c przyjemne uczucie drugiej sk\u00f3ry. Przezroczysta tkanina ozdobiona kwiatow\u0105 koronk\u0105 i drobn\u0105, satynow\u0105 kokardk\u0105 tworzy kompozycj\u0119 niewinno\u015bci i prowokacji \u2013 idealn\u0105 na romantyczne noce lub pe\u0142ne pewno\u015bci siebie poranki.<\/p>\n<p data-start=\"765\" data-end=\"973\">Regulowane rami\u0105czka spaghetti pozwalaj\u0105 na indywidualne dopasowanie, a koronka wok\u00f3\u0142 biustu i bioder przyci\u0105ga spojrzenia z ka\u017cdej strony. To nie jest tylko bielizna \u2013 to <strong data-start=\"937\" data-end=\"972\">tw\u00f3j osobisty rytua\u0142 kobieco\u015bci<\/strong>.<\/p>\n<p data-start=\"975\" data-end=\"1184\"><strong data-start=\"975\" data-end=\"998\">Szczeg\u00f3\u0142y produktu:<\/strong><br data-start=\"998\" data-end=\"1001\" \/>\u2013 Transparentna koronkowa koszulka typu babydoll<br data-start=\"1049\" data-end=\"1052\" \/>\u2013 Kwiatowe detale, satynowa kokardka<br data-start=\"1088\" data-end=\"1091\" \/>\u2013 Pull-on (bez zapi\u0119cia)<br data-start=\"1115\" data-end=\"1118\" \/>\u2013 Materia\u0142: 90% poliester, 10% elastan<br data-start=\"1156\" data-end=\"1159\" \/>\u2013 Zalecane: pranie r\u0119czne<\/p>\n<p data-start=\"1186\" data-end=\"1261\"><strong data-start=\"1186\" data-end=\"1196\">Efekt?<\/strong> Urok, kt\u00f3ry nie wymaga s\u0142\u00f3w. Seksapil, kt\u00f3ry m\u00f3wi sam za siebie.<\/p>\n<div style=\"width: 1080px;\" class=\"wp-video\"><video class=\"wp-video-shortcode\" id=\"video-677-1\" width=\"1080\" height=\"1920\" preload=\"metadata\" controls=\"controls\"><source type=\"video\/mp4\" src=\"https:\/\/www.nimfetka.pl\/wp-content\/uploads\/2025\/06\/VeloursSecret-GOTOWE.mp4?_=1\" \/><a href=\"https:\/\/www.nimfetka.pl\/wp-content\/uploads\/2025\/06\/VeloursSecret-GOTOWE.mp4\">https:\/\/www.nimfetka.pl\/wp-content\/uploads\/2025\/06\/VeloursSecret-GOTOWE.mp4<\/a><\/video><\/div>\n","protected":false},"excerpt":{"rendered":"<p>Tabela rozmiar\u00f3w (pomiary s\u0105 wykonywane po roz\u0142o\u017ceniu na p\u0142asko):<\/p>\n<p><strong>Rozmiar S:<\/strong> Pod biustem: 89-90 cm, talia: 65-70 cm, d\u0142ugo\u015b\u0107: 82 cm, d\u0142ugo\u015b\u0107 szlafroka: 58 cm<br \/>\n<strong>Rozmiar M:<\/strong> Pod biustem: 91-96 cm, talia: 71-76 cm, d\u0142ugo\u015b\u0107: 83 cm, d\u0142ugo\u015b\u0107 szlafroka: 59 cm<br \/>\n<strong>Rozmiar L:<\/strong> Pod biustem: 97-102 cm, talia: 77-82 cm, d\u0142ugo\u015b\u0107: 84 cm, d\u0142ugo\u015b\u0107 szlafroka: 60cm<br \/>\n<strong>Rozmiar XL:<\/strong> Pod biustem: 103-108 cm, talia: 83-88 cm, d\u0142ugo\u015b\u0107: 85 cm, d\u0142ugo\u015b\u0107 szlafroka: 61 cm<br \/>\n<strong>Rozmiar 2XL:<\/strong> Pod biustem: 109-114 cm, talia: 89-94 cm, d\u0142ugo\u015b\u0107: 86 cm, d\u0142ugo\u015b\u0107 szlafroka: 62cm<\/p>\n<p>Uwaga:<br \/>\n\u2013 Mo\u017ce wyst\u0105pi\u0107 odchylenie rz\u0119du 1\u20132 cm w r\u00f3\u017cnych rozmiarach i miejscach pomiaru.<br \/>\n\u2013 Kolor mo\u017ce by\u0107 ja\u015bniejszy lub ciemniejszy ze wzgl\u0119du na r\u00f3\u017cne ekrany.<\/p>\n","protected":false},"featured_media":714,"comment_status":"open","ping_status":"closed","template":"","meta":{"neve_meta_sidebar":"","neve_meta_container":"","neve_meta_enable_content_width":"off","neve_meta_content_width":100,"neve_meta_title_alignment":"","neve_meta_author_avatar":"","neve_post_elements_order":"","neve_meta_disable_header":"","neve_meta_disable_footer":"","neve_meta_disable_title":"","_themeisle_gutenberg_block_has_review":false},"product_brand":[],"product_cat":[25,28],"product_tag":[],"class_list":{"0":"post-677","1":"product","2":"type-product","3":"status-publish","4":"has-post-thumbnail","6":"product_cat-koszulki-nocne","7":"product_cat-szlafroki","9":"first","10":"instock","11":"sale","12":"taxable","13":"shipping-taxable","14":"purchasable","15":"product-type-variable"},"jetpack_sharing_enabled":true,"_links":{"self":[{"href":"https:\/\/www.nimfetka.pl\/index.php\/wp-json\/wp\/v2\/product\/677","targetHints":{"allow":["GET"]}}],"collection":[{"href":"https:\/\/www.nimfetka.pl\/index.php\/wp-json\/wp\/v2\/product"}],"about":[{"href":"https:\/\/www.nimfetka.pl\/index.php\/wp-json\/wp\/v2\/types\/product"}],"replies":[{"embeddable":true,"href":"https:\/\/www.nimfetka.pl\/index.php\/wp-json\/wp\/v2\/comments?post=677"}],"wp:featuredmedia":[{"embeddable":true,"href":"https:\/\/www.nimfetka.pl\/index.php\/wp-json\/wp\/v2\/media\/714"}],"wp:attachment":[{"href":"https:\/\/www.nimfetka.pl\/index.php\/wp-json\/wp\/v2\/media?parent=677"}],"wp:term":[{"taxonomy":"product_brand","embeddable":true,"href":"https:\/\/www.nimfetka.pl\/index.php\/wp-json\/wp\/v2\/product_brand?post=677"},{"taxonomy":"product_cat","embeddable":true,"href":"https:\/\/www.nimfetka.pl\/index.php\/wp-json\/wp\/v2\/product_cat?post=677"},{"taxonomy":"product_tag","embeddable":true,"href":"https:\/\/www.nimfetka.pl\/index.php\/wp-json\/wp\/v2\/product_tag?post=677"}],"curies":[{"name":"wp","href":"https:\/\/api.w.org\/{rel}","templated":true}]}}