{"id":615,"date":"2025-05-31T21:34:00","date_gmt":"2025-05-31T21:34:00","guid":{"rendered":"https:\/\/www.nimfetka.pl\/?post_type=product&#038;p=615"},"modified":"2026-02-21T08:26:57","modified_gmt":"2026-02-21T08:26:57","slug":"koronkowy-komplet-paris-desir","status":"publish","type":"product","link":"https:\/\/www.nimfetka.pl\/index.php\/produkt\/koronkowy-komplet-paris-desir\/","title":{"rendered":"KORONKOWY KOMPLET PARIS DESIR"},"content":{"rendered":"<p data-start=\"71\" data-end=\"538\">Koronkowy komplet PARIS DESIR \u2013<strong data-start=\"120\" data-end=\"151\"> 3-cz\u0119\u015bciowy zestaw bielizny<\/strong> to esencja uwodzenia \u2013 misternie wykonany z delikatnej koronki, otulaj\u0105cy cia\u0142o niczym dotyk fantazji. Transparentny biustonosz z satynowymi zapi\u0119ciami i finezyjnymi paskami eksponuje biust z odwa\u017cn\u0105 subtelno\u015bci\u0105, pozostawiaj\u0105c miejsce dla wyobra\u017ani. Regulowane rami\u0105czka oraz zapi\u0119cie na haftki zapewniaj\u0105 idealne dopasowanie, podkre\u015blaj\u0105c naturalne kszta\u0142ty kobiecego cia\u0142a.<\/p>\n<p data-start=\"540\" data-end=\"795\">Dopasowane majtki ze zmys\u0142owym wyci\u0119ciem z ty\u0142u oraz pasek w talii uwydatniaj\u0105 lini\u0119 bioder, a regulowane pasy do po\u0144czoch dodaj\u0105 ca\u0142o\u015bci niegrzecznego uroku. To propozycja dla kobiet, kt\u00f3re lubi\u0105 \u0142\u0105czy\u0107 <strong data-start=\"744\" data-end=\"774\">luksus, odwag\u0119 i elegancj\u0119<\/strong> w jednym spojrzeniu.<\/p>\n<p data-start=\"797\" data-end=\"953\">Wykonany z wysokiej jako\u015bci, oddychaj\u0105cego materia\u0142u (95% poliester, 5% elastan), zestaw jest nie tylko ol\u015bniewaj\u0105cy wizualnie, ale i komfortowy w noszeniu.<\/p>\n<p data-start=\"955\" data-end=\"1136\"><strong data-start=\"955\" data-end=\"977\">Zawarto\u015b\u0107 zestawu:<\/strong><br data-start=\"977\" data-end=\"980\" \/>\u2013 Biustonosz bez wype\u0142nienia z koronkowymi miseczkami<br data-start=\"1033\" data-end=\"1036\" \/>\u2013 Majtki stringi z paskiem w talii<br data-start=\"1070\" data-end=\"1073\" \/>\u2013 Regulowane podwi\u0105zki do po\u0144czoch (po\u0144czochy nie s\u0105 do\u0142\u0105czone)<\/p>\n<p data-start=\"1138\" data-end=\"1232\"><strong data-start=\"1138\" data-end=\"1154\">Piel\u0119gnacja:<\/strong><br data-start=\"1154\" data-end=\"1157\" \/>Tylko pranie r\u0119czne \u2013 traktuj t\u0119 bielizn\u0119 jak luksus, na kt\u00f3ry zas\u0142ugujesz.<\/p>\n<div style=\"width: 1080px;\" class=\"wp-video\"><video class=\"wp-video-shortcode\" id=\"video-615-1\" width=\"1080\" height=\"1920\" preload=\"metadata\" controls=\"controls\"><source type=\"video\/mp4\" src=\"https:\/\/www.nimfetka.pl\/wp-content\/uploads\/2025\/05\/ParisDesir-GOTOWE.mp4?_=1\" \/><a href=\"https:\/\/www.nimfetka.pl\/wp-content\/uploads\/2025\/05\/ParisDesir-GOTOWE.mp4\">https:\/\/www.nimfetka.pl\/wp-content\/uploads\/2025\/05\/ParisDesir-GOTOWE.mp4<\/a><\/video><\/div>\n","protected":false},"excerpt":{"rendered":"<div class=\"woocommerce-product-details__short-description\">\n<p>Tabela rozmiar\u00f3w (pomiary s\u0105 wykonywane po roz\u0142o\u017ceniu na p\u0142asko):<\/p>\n<p><strong>Rozmiar S:<\/strong> Pod biustem: 66 cm, talia: 64 cm<br \/>\n<strong>Rozmiar M:<\/strong> Pod biustem: 71 cm, talia: 69 cm<br \/>\n<strong>Rozmiar L:<\/strong> Pod biustem: 76 cm, talia: 74 cm<br \/>\n<strong>Rozmiar XL:<\/strong> Pod biustem: 81 cm, talia: 79 cm<br \/>\n<strong>Rozmiar 2XL:<\/strong> Pod biustem: 86 cm, talia: 84 cm<\/p>\n<p>Uwaga:<br \/>\n\u2013 Mo\u017ce wyst\u0105pi\u0107 odchylenie rz\u0119du 1\u20133 cm w r\u00f3\u017cnych rozmiarach i miejscach pomiaru.<br \/>\n\u2013 Kolor mo\u017ce by\u0107 ja\u015bniejszy lub ciemniejszy ze wzgl\u0119du na r\u00f3\u017cne ekrany komputera.<\/p>\n<\/div>\n","protected":false},"featured_media":668,"comment_status":"open","ping_status":"closed","template":"","meta":{"neve_meta_sidebar":"","neve_meta_container":"","neve_meta_enable_content_width":"off","neve_meta_content_width":100,"neve_meta_title_alignment":"","neve_meta_author_avatar":"","neve_post_elements_order":"","neve_meta_disable_header":"","neve_meta_disable_footer":"","neve_meta_disable_title":"","_themeisle_gutenberg_block_has_review":false},"product_brand":[],"product_cat":[20],"product_tag":[],"class_list":{"0":"post-615","1":"product","2":"type-product","3":"status-publish","4":"has-post-thumbnail","6":"product_cat-komplety-bielizny","8":"first","9":"instock","10":"sale","11":"taxable","12":"shipping-taxable","13":"purchasable","14":"product-type-variable"},"jetpack_sharing_enabled":true,"_links":{"self":[{"href":"https:\/\/www.nimfetka.pl\/index.php\/wp-json\/wp\/v2\/product\/615","targetHints":{"allow":["GET"]}}],"collection":[{"href":"https:\/\/www.nimfetka.pl\/index.php\/wp-json\/wp\/v2\/product"}],"about":[{"href":"https:\/\/www.nimfetka.pl\/index.php\/wp-json\/wp\/v2\/types\/product"}],"replies":[{"embeddable":true,"href":"https:\/\/www.nimfetka.pl\/index.php\/wp-json\/wp\/v2\/comments?post=615"}],"wp:featuredmedia":[{"embeddable":true,"href":"https:\/\/www.nimfetka.pl\/index.php\/wp-json\/wp\/v2\/media\/668"}],"wp:attachment":[{"href":"https:\/\/www.nimfetka.pl\/index.php\/wp-json\/wp\/v2\/media?parent=615"}],"wp:term":[{"taxonomy":"product_brand","embeddable":true,"href":"https:\/\/www.nimfetka.pl\/index.php\/wp-json\/wp\/v2\/product_brand?post=615"},{"taxonomy":"product_cat","embeddable":true,"href":"https:\/\/www.nimfetka.pl\/index.php\/wp-json\/wp\/v2\/product_cat?post=615"},{"taxonomy":"product_tag","embeddable":true,"href":"https:\/\/www.nimfetka.pl\/index.php\/wp-json\/wp\/v2\/product_tag?post=615"}],"curies":[{"name":"wp","href":"https:\/\/api.w.org\/{rel}","templated":true}]}}