{"id":1581,"date":"2025-06-18T18:44:53","date_gmt":"2025-06-18T18:44:53","guid":{"rendered":"https:\/\/www.nimfetka.pl\/?post_type=product&#038;p=1581"},"modified":"2025-07-02T21:25:03","modified_gmt":"2025-07-02T21:25:03","slug":"kuszace-bodystocking-taormina-incanto","status":"publish","type":"product","link":"https:\/\/www.nimfetka.pl\/index.php\/produkt\/kuszace-bodystocking-taormina-incanto\/","title":{"rendered":"KUSZ\u0104CE BODYSTOCKING TAORMINA INCANTO"},"content":{"rendered":"<p data-start=\"78\" data-end=\"126\"><strong data-start=\"78\" data-end=\"126\">Taormina Incanto \u2013 uwodzenie utkane z siatki<\/strong><\/p>\n<p data-start=\"128\" data-end=\"445\">Oto bielizna, kt\u00f3ra nie pyta o pozwolenie \u2013 <strong data-start=\"172\" data-end=\"192\">Taormina Incanto<\/strong> otula cia\u0142o sieci\u0105 po\u017c\u0105dania, w kt\u00f3rej ka\u017cdy detal dzia\u0142a jak obietnica nocy bez granic. Zmys\u0142owy, otwarty wz\u00f3r z przodu prowokacyjnie ods\u0142ania to, co najpi\u0119kniejsze, jednocze\u015bnie pozostawiaj\u0105c pole dla wyobra\u017ani&#8230; kt\u00f3ra z ka\u017cd\u0105 chwil\u0105 pragnie wi\u0119cej.<\/p>\n<p data-start=\"447\" data-end=\"718\">Wykonany z elastycznej siatki, ten bodystocking dopasowuje si\u0119 do sylwetki jak grzeszna tajemnica, podkre\u015blaj\u0105c kr\u0105g\u0142o\u015bci w spos\u00f3b nieprzyzwoicie kusz\u0105cy. Kabaretkowa faktura dodaje odrobiny drapie\u017cno\u015bci, czyni\u0105c Ci\u0119 kobiet\u0105, kt\u00f3ra wie, czego chce \u2013 i wie, jak to dosta\u0107.<\/p>\n<p data-start=\"720\" data-end=\"994\">Nie tylko ol\u015bniewaj\u0105co seksowny, ale i wygodny \u2013 <strong data-start=\"769\" data-end=\"789\">Taormina Incanto<\/strong> sprawia, \u017ce mo\u017cesz kusi\u0107 bez ogranicze\u0144, ta\u0144czy\u0107, dominowa\u0107 lub po prostu\u2026 rozkoszowa\u0107 si\u0119 ka\u017cd\u0105 chwil\u0105. Idealny zar\u00f3wno do sypialni, jak i do wieczor\u00f3w, kt\u00f3re zaczynaj\u0105 si\u0119 niewinnie, a ko\u0144cz\u0105&#8230; r\u00f3\u017cnie.<\/p>\n<p data-start=\"1001\" data-end=\"1317\" data-is-last-node=\"\" data-is-only-node=\"\">\ud83d\udd25 <strong data-start=\"1004\" data-end=\"1024\">Taormina Incanto<\/strong> \u2013 kiedy niewinno\u015b\u0107 i prowokacja graj\u0105 w jednej dru\u017cynie<br data-start=\"1080\" data-end=\"1083\" \/>\ud83d\udc8b Stworzony na: gor\u0105ce noce, dzikie fantazje i odwa\u017cne wyznania<br data-start=\"1147\" data-end=\"1150\" \/>\ud83d\udce6 Zawarto\u015b\u0107 opakowania: 1 x bodystocking z siateczki (stringi nie s\u0105 do\u0142\u0105czone)<br data-start=\"1230\" data-end=\"1233\" \/>\ud83d\udda4 Zalecane pranie r\u0119czne \u2013 bo niekt\u00f3re przyjemno\u015bci zas\u0142uguj\u0105 na szczeg\u00f3ln\u0105 trosk\u0119.<\/p>\n<div style=\"width: 1080px;\" class=\"wp-video\"><video class=\"wp-video-shortcode\" id=\"video-1581-1\" width=\"1080\" height=\"1920\" preload=\"metadata\" controls=\"controls\"><source type=\"video\/mp4\" src=\"https:\/\/www.nimfetka.pl\/wp-content\/uploads\/2025\/06\/TaorminaIncanto-GOTOWE.mp4?_=1\" \/><a href=\"https:\/\/www.nimfetka.pl\/wp-content\/uploads\/2025\/06\/TaorminaIncanto-GOTOWE.mp4\">https:\/\/www.nimfetka.pl\/wp-content\/uploads\/2025\/06\/TaorminaIncanto-GOTOWE.mp4<\/a><\/video><\/div>\n","protected":false},"excerpt":{"rendered":"<div class=\"woocommerce-product-details__short-description\">\n<div class=\"woocommerce-product-details__short-description\">\n<p>Tabela rozmiar\u00f3w:<\/p>\n<p><strong>Rozmiar UNIWERSALNY<\/strong><\/p>\n<p>Uwaga:<br \/>\n\u2013 Mo\u017ce wyst\u0105pi\u0107 odchylenie rz\u0119du 1\u20132 cm w r\u00f3\u017cnych rozmiarach i miejscach pomiaru.<br \/>\n\u2013 Kolor mo\u017ce by\u0107 ja\u015bniejszy lub ciemniejszy ze wzgl\u0119du na r\u00f3\u017cne ekrany.<\/p>\n<\/div>\n<\/div>\n","protected":false},"featured_media":1582,"comment_status":"open","ping_status":"closed","template":"","meta":{"neve_meta_sidebar":"","neve_meta_container":"","neve_meta_enable_content_width":"off","neve_meta_content_width":100,"neve_meta_title_alignment":"","neve_meta_author_avatar":"","neve_post_elements_order":"","neve_meta_disable_header":"","neve_meta_disable_footer":"","neve_meta_disable_title":"","_themeisle_gutenberg_block_has_review":false},"product_brand":[],"product_cat":[22],"product_tag":[],"class_list":{"0":"post-1581","1":"product","2":"type-product","3":"status-publish","4":"has-post-thumbnail","6":"product_cat-bodystocking","8":"first","9":"instock","10":"sale","11":"taxable","12":"shipping-taxable","13":"purchasable","14":"product-type-variable"},"jetpack_sharing_enabled":true,"_links":{"self":[{"href":"https:\/\/www.nimfetka.pl\/index.php\/wp-json\/wp\/v2\/product\/1581","targetHints":{"allow":["GET"]}}],"collection":[{"href":"https:\/\/www.nimfetka.pl\/index.php\/wp-json\/wp\/v2\/product"}],"about":[{"href":"https:\/\/www.nimfetka.pl\/index.php\/wp-json\/wp\/v2\/types\/product"}],"replies":[{"embeddable":true,"href":"https:\/\/www.nimfetka.pl\/index.php\/wp-json\/wp\/v2\/comments?post=1581"}],"wp:featuredmedia":[{"embeddable":true,"href":"https:\/\/www.nimfetka.pl\/index.php\/wp-json\/wp\/v2\/media\/1582"}],"wp:attachment":[{"href":"https:\/\/www.nimfetka.pl\/index.php\/wp-json\/wp\/v2\/media?parent=1581"}],"wp:term":[{"taxonomy":"product_brand","embeddable":true,"href":"https:\/\/www.nimfetka.pl\/index.php\/wp-json\/wp\/v2\/product_brand?post=1581"},{"taxonomy":"product_cat","embeddable":true,"href":"https:\/\/www.nimfetka.pl\/index.php\/wp-json\/wp\/v2\/product_cat?post=1581"},{"taxonomy":"product_tag","embeddable":true,"href":"https:\/\/www.nimfetka.pl\/index.php\/wp-json\/wp\/v2\/product_tag?post=1581"}],"curies":[{"name":"wp","href":"https:\/\/api.w.org\/{rel}","templated":true}]}}