{"id":1421,"date":"2025-06-15T15:35:24","date_gmt":"2025-06-15T15:35:24","guid":{"rendered":"https:\/\/www.nimfetka.pl\/?post_type=product&#038;p=1421"},"modified":"2025-07-02T21:33:43","modified_gmt":"2025-07-02T21:33:43","slug":"komplet-z-mini-spodniczka-biarritz-frisson","status":"publish","type":"product","link":"https:\/\/www.nimfetka.pl\/index.php\/produkt\/komplet-z-mini-spodniczka-biarritz-frisson\/","title":{"rendered":"KOMPLET Z MINI SP\u00d3DNICZK\u0104 BIARRITZ FRISSON"},"content":{"rendered":"<p data-start=\"112\" data-end=\"184\"><strong data-start=\"112\" data-end=\"184\">Biarritz Frisson \u2013 kiedy koronka zaczyna szepta\u0107 na Twojej sk\u00f3rze&#8230;<\/strong><\/p>\n<p data-start=\"186\" data-end=\"569\">Ten trzycz\u0119\u015bciowy komplet to nie bielizna \u2013 to zaproszenie do gry, kt\u00f3ra rozpoczyna si\u0119 jeszcze zanim zga\u015bnie \u015bwiat\u0142o. Misternie tkana koronka z delikatnym wzorem kwiatowych rz\u0119s subtelnie oplata biust, pozostawiaj\u0105c go jednocze\u015bnie kusz\u0105co ods\u0142oni\u0119tym. Biustonosz z fiszbinami i p\u00f3\u0142miseczk\u0105 nie tylko unosi, ale te\u017c prowokuje, podkre\u015blaj\u0105c lini\u0119 dekoltu z niewymuszon\u0105 zmys\u0142owo\u015bci\u0105.<\/p>\n<p data-start=\"571\" data-end=\"845\"><strong data-start=\"571\" data-end=\"591\">Biarritz Frisson<\/strong> nie boi si\u0119 spojrze\u0144 \u2013 wr\u0119cz je przyci\u0105ga. Regulowane paski do po\u0144czoch prowadz\u0105 wzrok w d\u00f3\u0142, gdzie przezroczysta, siateczkowa sp\u00f3dniczka dodaje szczypt\u0119 kokieterii i prowokuje pytanie, co jest pod spodem\u2026 a pasuj\u0105ce stringi z ch\u0119ci\u0105 udziel\u0105 odpowiedzi.<\/p>\n<p data-start=\"847\" data-end=\"1073\">Mi\u0119kka, elastyczna tkanina idealnie dopasowuje si\u0119 do cia\u0142a, podkre\u015blaj\u0105c ka\u017cdy kr\u0105g, ka\u017cd\u0105 lini\u0119\u2026 ka\u017cd\u0105 fantazj\u0119. To komplet stworzony na noce, kt\u00f3re maj\u0105 si\u0119 d\u0142ugo nie ko\u0144czy\u0107 \u2013 i kt\u00f3re warto celebrowa\u0107 na w\u0142asnych zasadach.<\/p>\n<p data-start=\"1080\" data-end=\"1270\" data-is-last-node=\"\" data-is-only-node=\"\">\ud83d\udc8b <strong data-start=\"1083\" data-end=\"1103\">Biarritz Frisson<\/strong> \u2013 niegrzeczny klasyk, kt\u00f3ry \u0142\u0105czy delikatno\u015b\u0107 koronki z bezwstydn\u0105 pewno\u015bci\u0105 siebie.<\/p>\n","protected":false},"excerpt":{"rendered":"<p>Tabela rozmiar\u00f3w:<\/p>\n<p><strong>Rozmiar S:<\/strong> Pod biustem: 67 cm, talia: 63 cm, d\u0142ugo\u015b\u0107 26 cm<br \/>\n<strong>Rozmiar M:<\/strong> Pod biustem: 72 cm, talia: 68 cm, d\u0142ugo\u015b\u0107 27 cm<strong><br \/>\nRozmiar L:<\/strong> Pod biustem: 77 cm, talia: 73 cm, d\u0142ugo\u015b\u0107 28 cm<br \/>\n<strong>Rozmiar XL:<\/strong> Pod biustem: 82 cm, talia: 78 cm, d\u0142ugo\u015b\u0107 28 cm<br \/>\n<strong>Rozmiar 2XL:<\/strong> Pod biustem: 87 cm, talia: 83 cm, d\u0142ugo\u015b\u0107 30 cm<\/p>\n<p>Uwaga:<br \/>\n\u2013 Mo\u017ce wyst\u0105pi\u0107 odchylenie rz\u0119du 1\u20132 cm w r\u00f3\u017cnych rozmiarach i miejscach pomiaru.<br \/>\n\u2013 Kolor mo\u017ce by\u0107 ja\u015bniejszy lub ciemniejszy ze wzgl\u0119du na r\u00f3\u017cne ekrany.<\/p>\n","protected":false},"featured_media":1423,"comment_status":"open","ping_status":"closed","template":"","meta":{"neve_meta_sidebar":"","neve_meta_container":"","neve_meta_enable_content_width":"off","neve_meta_content_width":100,"neve_meta_title_alignment":"","neve_meta_author_avatar":"","neve_post_elements_order":"","neve_meta_disable_header":"","neve_meta_disable_footer":"","neve_meta_disable_title":"","_themeisle_gutenberg_block_has_review":false},"product_brand":[],"product_cat":[20],"product_tag":[],"class_list":{"0":"post-1421","1":"product","2":"type-product","3":"status-publish","4":"has-post-thumbnail","6":"product_cat-komplety-bielizny","8":"first","9":"instock","10":"sale","11":"taxable","12":"shipping-taxable","13":"purchasable","14":"product-type-variable"},"jetpack_sharing_enabled":true,"_links":{"self":[{"href":"https:\/\/www.nimfetka.pl\/index.php\/wp-json\/wp\/v2\/product\/1421","targetHints":{"allow":["GET"]}}],"collection":[{"href":"https:\/\/www.nimfetka.pl\/index.php\/wp-json\/wp\/v2\/product"}],"about":[{"href":"https:\/\/www.nimfetka.pl\/index.php\/wp-json\/wp\/v2\/types\/product"}],"replies":[{"embeddable":true,"href":"https:\/\/www.nimfetka.pl\/index.php\/wp-json\/wp\/v2\/comments?post=1421"}],"wp:featuredmedia":[{"embeddable":true,"href":"https:\/\/www.nimfetka.pl\/index.php\/wp-json\/wp\/v2\/media\/1423"}],"wp:attachment":[{"href":"https:\/\/www.nimfetka.pl\/index.php\/wp-json\/wp\/v2\/media?parent=1421"}],"wp:term":[{"taxonomy":"product_brand","embeddable":true,"href":"https:\/\/www.nimfetka.pl\/index.php\/wp-json\/wp\/v2\/product_brand?post=1421"},{"taxonomy":"product_cat","embeddable":true,"href":"https:\/\/www.nimfetka.pl\/index.php\/wp-json\/wp\/v2\/product_cat?post=1421"},{"taxonomy":"product_tag","embeddable":true,"href":"https:\/\/www.nimfetka.pl\/index.php\/wp-json\/wp\/v2\/product_tag?post=1421"}],"curies":[{"name":"wp","href":"https:\/\/api.w.org\/{rel}","templated":true}]}}