{"id":1337,"date":"2025-06-15T12:12:40","date_gmt":"2025-06-15T12:12:40","guid":{"rendered":"https:\/\/www.nimfetka.pl\/?post_type=product&#038;p=1337"},"modified":"2025-07-02T21:19:19","modified_gmt":"2025-07-02T21:19:19","slug":"bodystocking-z-ponczochami-verona-amante","status":"publish","type":"product","link":"https:\/\/www.nimfetka.pl\/index.php\/produkt\/bodystocking-z-ponczochami-verona-amante\/","title":{"rendered":"BODYSTOCKING Z PO\u0143CZOCHAMI VERONA AMANTE"},"content":{"rendered":"<p data-start=\"62\" data-end=\"472\"><strong data-start=\"62\" data-end=\"122\">Verona Amante \u2013 zmys\u0142owo\u015b\u0107, kt\u00f3rej nie da si\u0119 zapomnie\u0107.<\/strong><br data-start=\"122\" data-end=\"125\" \/>Zanurz si\u0119 w odwa\u017cn\u0105 elegancj\u0119 i pozw\u00f3l swojej sk\u00f3rze przem\u00f3wi\u0107 w j\u0119zyku czystej pokusy. Bodystocking <strong>Verona Amante<\/strong> otula cia\u0142o siateczk\u0105 mi\u0119kk\u0105 niczym szept, podkre\u015blaj\u0105c kr\u0105g\u0142o\u015bci w spos\u00f3b, kt\u00f3ry budzi wyobra\u017ani\u0119. G\u0142\u0119bokie wyci\u0119cia po bokach i na plecach ods\u0142aniaj\u0105 wi\u0119cej, ni\u017c tylko odrobin\u0119 cia\u0142a \u2013 zostawiaj\u0105c miejsce na domys\u0142y i prowokacj\u0119.<\/p>\n<p data-start=\"474\" data-end=\"829\">Ten erotyczny komplet to nie tylko bielizna \u2013 to deklaracja. Subtelna siateczkowa sp\u00f3dniczka z dopasowanymi kabaretkami tworzy niegrzeczny, a jednocze\u015bnie elegancki look, kt\u00f3ry przyci\u0105ga wzrok i zatrzymuje go na d\u0142u\u017cej. Cztery podwi\u0105zki gwarantuj\u0105, \u017ce wszystko zostanie na swoim miejscu\u2026 niezale\u017cnie od tego, jak bardzo sytuacja wymknie si\u0119 spod kontroli.<\/p>\n<p data-start=\"831\" data-end=\"992\">Wykonany z elastycznego materia\u0142u, kt\u00f3ry dopasowuje si\u0119 do Twojego cia\u0142a jak druga sk\u00f3ra, <strong>Verona Amante<\/strong> to zaproszenie do gry \u2013 tej, w kt\u00f3rej Ty rozdajesz karty.<\/p>\n<p data-start=\"999\" data-end=\"1202\" data-is-last-node=\"\" data-is-only-node=\"\"><strong data-start=\"1002\" data-end=\"1111\">Idealny na gor\u0105c\u0105 noc we dwoje, sesj\u0119 zdj\u0119ciow\u0105 lub wiecz\u00f3r, kt\u00f3ry nie ko\u0144czy si\u0119 na kolacji.<\/strong><br data-start=\"1111\" data-end=\"1114\" \/>Zmys\u0142owo\u015b\u0107 w czystej postaci \u2013 bo cia\u0142o zas\u0142uguje na opraw\u0119 tak kusz\u0105c\u0105, jak Ty sama.<\/p>\n<div style=\"width: 1200px;\" class=\"wp-video\"><video class=\"wp-video-shortcode\" id=\"video-1337-1\" width=\"1200\" height=\"675\" preload=\"metadata\" controls=\"controls\"><source type=\"video\/mp4\" src=\"https:\/\/www.nimfetka.pl\/wp-content\/uploads\/2025\/06\/VERONA1.mp4?_=1\" \/><a href=\"https:\/\/www.nimfetka.pl\/wp-content\/uploads\/2025\/06\/VERONA1.mp4\">https:\/\/www.nimfetka.pl\/wp-content\/uploads\/2025\/06\/VERONA1.mp4<\/a><\/video><\/div>\n","protected":false},"excerpt":{"rendered":"<p>Tabela rozmiar\u00f3w:<\/p>\n<p><strong>Rozmiar UNIWERSALNY<\/strong><\/p>\n<p>Uwaga:<br \/>\n\u2013 Mo\u017ce wyst\u0105pi\u0107 odchylenie rz\u0119du 1\u20132 cm w r\u00f3\u017cnych rozmiarach i miejscach pomiaru.<br \/>\n\u2013 Kolor mo\u017ce by\u0107 ja\u015bniejszy lub ciemniejszy ze wzgl\u0119du na r\u00f3\u017cne ekrany.<\/p>\n","protected":false},"featured_media":1340,"comment_status":"open","ping_status":"closed","template":"","meta":{"neve_meta_sidebar":"","neve_meta_container":"","neve_meta_enable_content_width":"off","neve_meta_content_width":100,"neve_meta_title_alignment":"","neve_meta_author_avatar":"","neve_post_elements_order":"","neve_meta_disable_header":"","neve_meta_disable_footer":"","neve_meta_disable_title":"","_themeisle_gutenberg_block_has_review":false},"product_brand":[],"product_cat":[22],"product_tag":[],"class_list":{"0":"post-1337","1":"product","2":"type-product","3":"status-publish","4":"has-post-thumbnail","6":"product_cat-bodystocking","8":"first","9":"instock","10":"sale","11":"taxable","12":"shipping-taxable","13":"purchasable","14":"product-type-variable"},"jetpack_sharing_enabled":true,"_links":{"self":[{"href":"https:\/\/www.nimfetka.pl\/index.php\/wp-json\/wp\/v2\/product\/1337","targetHints":{"allow":["GET"]}}],"collection":[{"href":"https:\/\/www.nimfetka.pl\/index.php\/wp-json\/wp\/v2\/product"}],"about":[{"href":"https:\/\/www.nimfetka.pl\/index.php\/wp-json\/wp\/v2\/types\/product"}],"replies":[{"embeddable":true,"href":"https:\/\/www.nimfetka.pl\/index.php\/wp-json\/wp\/v2\/comments?post=1337"}],"wp:featuredmedia":[{"embeddable":true,"href":"https:\/\/www.nimfetka.pl\/index.php\/wp-json\/wp\/v2\/media\/1340"}],"wp:attachment":[{"href":"https:\/\/www.nimfetka.pl\/index.php\/wp-json\/wp\/v2\/media?parent=1337"}],"wp:term":[{"taxonomy":"product_brand","embeddable":true,"href":"https:\/\/www.nimfetka.pl\/index.php\/wp-json\/wp\/v2\/product_brand?post=1337"},{"taxonomy":"product_cat","embeddable":true,"href":"https:\/\/www.nimfetka.pl\/index.php\/wp-json\/wp\/v2\/product_cat?post=1337"},{"taxonomy":"product_tag","embeddable":true,"href":"https:\/\/www.nimfetka.pl\/index.php\/wp-json\/wp\/v2\/product_tag?post=1337"}],"curies":[{"name":"wp","href":"https:\/\/api.w.org\/{rel}","templated":true}]}}