{"id":1332,"date":"2025-06-15T11:45:37","date_gmt":"2025-06-15T11:45:37","guid":{"rendered":"https:\/\/www.nimfetka.pl\/?post_type=product&#038;p=1332"},"modified":"2025-06-27T19:21:37","modified_gmt":"2025-06-27T19:21:37","slug":"stroj-francuskiej-pokojowki","status":"publish","type":"product","link":"https:\/\/www.nimfetka.pl\/index.php\/produkt\/stroj-francuskiej-pokojowki\/","title":{"rendered":"STR\u00d3J FRANCUSKIEJ POKOJ\u00d3WKI"},"content":{"rendered":"<p data-start=\"60\" data-end=\"386\"><strong data-start=\"60\" data-end=\"100\">Kiedy niewinno\u015b\u0107 spotyka figlarno\u015b\u0107\u2026<\/strong><br data-start=\"100\" data-end=\"103\" \/>Ten str\u00f3j pokoj\u00f3wki to co\u015b wi\u0119cej ni\u017c przebranie \u2013 to zaproszenie do gry, w kt\u00f3rej zasady ustalasz Ty. Delikatny, mi\u0119kki materia\u0142 otula cia\u0142o niczym szept, a kusz\u0105cy kr\u00f3j podkre\u015bla ka\u017cd\u0105 kr\u0105g\u0142o\u015b\u0107 z zuchwa\u0142\u0105 precyzj\u0105. Gdy tylko go za\u0142o\u017cysz, odkurzanie staje si\u0119\u2026 czyst\u0105 przyjemno\u015bci\u0105.<\/p>\n<p data-start=\"388\" data-end=\"672\">Czaruj\u0105cy ko\u0142nierzyk i koronkowa sp\u00f3dniczka dodaj\u0105 ca\u0142o\u015bci zmys\u0142owego uroku \u2013 jeste\u015b jednocze\u015bnie urocza, s\u0142odka i niebezpiecznie prowokuj\u0105ca. Swobodny rozmiar i elastyczny kr\u00f3j sprawiaj\u0105, \u017ce idealnie dopasowuje si\u0119 do kobiecego cia\u0142a \u2013 od S do L \u2013 podkre\u015blaj\u0105c to, co najwa\u017cniejsze.<\/p>\n<p data-start=\"674\" data-end=\"828\">Niech Twoje wysokie obcasy dope\u0142ni\u0105 tej stylizacji. Efekt? Pokoj\u00f3wka, kt\u00f3ra nigdy nie zostanie niezauwa\u017cona\u2026 i kt\u00f3rej \u201eobowi\u0105zki\u201d zaczynaj\u0105 si\u0119 po zmroku.<\/p>\n<p data-start=\"835\" data-end=\"1048\" data-is-last-node=\"\" data-is-only-node=\"\">Idealny na romantyczne wieczory, Walentynki, niegrzeczne niespodzianki i noce pe\u0142ne napi\u0119cia.<br data-start=\"931\" data-end=\"934\" \/>\u015awietny prezent dla Ciebie lub dla niego \u2013 bo czasem ba\u0142agan w sypialni warto zostawi\u0107 <strong data-start=\"1024\" data-end=\"1031\">jej<\/strong> do posprz\u0105tania.<\/p>\n","protected":false},"excerpt":{"rendered":"<p>Tabela rozmiar\u00f3w:<\/p>\n<p><strong>Rozmiar S:<\/strong> Biust: 66-94 cm, talia: 664-96 cm<br \/>\n<strong>Rozmiar M:<\/strong> Biust: 70-98 cm, talia: 68-100 cm<br \/>\n<strong>Rozmiar L:<\/strong> Biust: 74-106 cm, talia: 72-104 cm<\/p>\n<p>Uwaga:<br \/>\n\u2013 Mo\u017ce wyst\u0105pi\u0107 odchylenie rz\u0119du 1\u20132 cm w r\u00f3\u017cnych rozmiarach i miejscach pomiaru.<br \/>\n\u2013 Kolor mo\u017ce by\u0107 ja\u015bniejszy lub ciemniejszy ze wzgl\u0119du na r\u00f3\u017cne ekrany.<\/p>\n","protected":false},"featured_media":1335,"comment_status":"open","ping_status":"closed","template":"","meta":{"neve_meta_sidebar":"","neve_meta_container":"","neve_meta_enable_content_width":"off","neve_meta_content_width":100,"neve_meta_title_alignment":"","neve_meta_author_avatar":"","neve_post_elements_order":"","neve_meta_disable_header":"","neve_meta_disable_footer":"","neve_meta_disable_title":"","_themeisle_gutenberg_block_has_review":false},"product_brand":[],"product_cat":[23],"product_tag":[],"class_list":{"0":"post-1332","1":"product","2":"type-product","3":"status-publish","4":"has-post-thumbnail","6":"product_cat-stroje-erotyczne","8":"first","9":"instock","10":"sale","11":"taxable","12":"shipping-taxable","13":"purchasable","14":"product-type-simple"},"jetpack_sharing_enabled":true,"_links":{"self":[{"href":"https:\/\/www.nimfetka.pl\/index.php\/wp-json\/wp\/v2\/product\/1332","targetHints":{"allow":["GET"]}}],"collection":[{"href":"https:\/\/www.nimfetka.pl\/index.php\/wp-json\/wp\/v2\/product"}],"about":[{"href":"https:\/\/www.nimfetka.pl\/index.php\/wp-json\/wp\/v2\/types\/product"}],"replies":[{"embeddable":true,"href":"https:\/\/www.nimfetka.pl\/index.php\/wp-json\/wp\/v2\/comments?post=1332"}],"wp:featuredmedia":[{"embeddable":true,"href":"https:\/\/www.nimfetka.pl\/index.php\/wp-json\/wp\/v2\/media\/1335"}],"wp:attachment":[{"href":"https:\/\/www.nimfetka.pl\/index.php\/wp-json\/wp\/v2\/media?parent=1332"}],"wp:term":[{"taxonomy":"product_brand","embeddable":true,"href":"https:\/\/www.nimfetka.pl\/index.php\/wp-json\/wp\/v2\/product_brand?post=1332"},{"taxonomy":"product_cat","embeddable":true,"href":"https:\/\/www.nimfetka.pl\/index.php\/wp-json\/wp\/v2\/product_cat?post=1332"},{"taxonomy":"product_tag","embeddable":true,"href":"https:\/\/www.nimfetka.pl\/index.php\/wp-json\/wp\/v2\/product_tag?post=1332"}],"curies":[{"name":"wp","href":"https:\/\/api.w.org\/{rel}","templated":true}]}}