{"id":1321,"date":"2025-06-15T09:59:23","date_gmt":"2025-06-15T09:59:23","guid":{"rendered":"https:\/\/www.nimfetka.pl\/?post_type=product&#038;p=1321"},"modified":"2025-06-27T19:19:25","modified_gmt":"2025-06-27T19:19:25","slug":"aksamitny-choker-z-srebrnym-koleczkiem","status":"publish","type":"product","link":"https:\/\/www.nimfetka.pl\/index.php\/produkt\/aksamitny-choker-z-srebrnym-koleczkiem\/","title":{"rendered":"AKSAMITNY CHOKER Z SREBRNYM K\u00d3\u0141ECZKIEM"},"content":{"rendered":"<p data-start=\"87\" data-end=\"345\"><strong data-start=\"87\" data-end=\"124\">Czarna pokusa w podw\u00f3jnym wydaniu<\/strong><br data-start=\"124\" data-end=\"127\" \/>Ten choker to co\u015b wi\u0119cej ni\u017c bi\u017cuteria \u2013 to gra zmys\u0142\u00f3w i deklaracja odwagi. Dwie smuk\u0142e, aksamitne ta\u015bmy delikatnie oplataj\u0105 szyj\u0119, podkre\u015blaj\u0105c jej lini\u0119 i przyci\u0105gaj\u0105c spojrzenia tam, gdzie zaczyna si\u0119 wyobra\u017ania.<\/p>\n<p data-start=\"347\" data-end=\"562\">W centrum \u2013 <strong data-start=\"359\" data-end=\"381\">metalowy pier\u015bcie\u0144<\/strong>. Subtelna ozdoba\u2026 czy mo\u017ce co\u015b wi\u0119cej? Decydujesz sama. Gotycki, nieco drapie\u017cny klimat spotyka si\u0119 tu z klasyczn\u0105 elegancj\u0105 \u2013 tworz\u0105c dodatek, kt\u00f3ry nie tylko zdobi, ale i kusi.<\/p>\n<p data-start=\"564\" data-end=\"759\">Mi\u0119kki korea\u0144ski aksamit rozpieszcza sk\u00f3r\u0119, a regulowane zapi\u0119cie pozwala dopasowa\u0107 obro\u017c\u0119 idealnie \u2013 ciasno, je\u015bli lubisz czu\u0107 kontrol\u0119\u2026 lub lu\u017aniej, je\u015bli chcesz tylko zagra\u0107 w gr\u0119 niedom\u00f3wie\u0144.<\/p>\n<p data-start=\"766\" data-end=\"914\">Doskona\u0142y na wiecz\u00f3r, kt\u00f3ry mo\u017ce (ale nie musi) sko\u0144czy\u0107 si\u0119 grzecznie.<br \/>\nIdealny prezent\u2026 dla kogo\u015b, kto nie boi si\u0119 m\u00f3wi\u0107 \u201epatrz na mnie\u201d.<\/p>\n<p data-start=\"916\" data-end=\"974\" data-is-last-node=\"\" data-is-only-node=\"\">Ten choker nie potrzebuje s\u0142\u00f3w. Wystarczy, \u017ce go za\u0142o\u017cysz.<\/p>\n","protected":false},"excerpt":{"rendered":"<p>Tabela rozmiar\u00f3w:<\/p>\n<p><strong>Rozmiar UNI:<\/strong><br \/>\n<strong data-start=\"777\" data-end=\"789\">D\u0142ugo\u015b\u0107:<\/strong> 35 cm + 7 cm regulowany \u0142a\u0144cuszek<\/p>\n","protected":false},"featured_media":1322,"comment_status":"open","ping_status":"closed","template":"","meta":{"neve_meta_sidebar":"","neve_meta_container":"","neve_meta_enable_content_width":"off","neve_meta_content_width":100,"neve_meta_title_alignment":"","neve_meta_author_avatar":"","neve_post_elements_order":"","neve_meta_disable_header":"","neve_meta_disable_footer":"","neve_meta_disable_title":"","_themeisle_gutenberg_block_has_review":false},"product_brand":[],"product_cat":[29],"product_tag":[],"class_list":{"0":"post-1321","1":"product","2":"type-product","3":"status-publish","4":"has-post-thumbnail","6":"product_cat-akcesoria","8":"first","9":"instock","10":"sale","11":"taxable","12":"shipping-taxable","13":"purchasable","14":"product-type-simple"},"jetpack_sharing_enabled":true,"_links":{"self":[{"href":"https:\/\/www.nimfetka.pl\/index.php\/wp-json\/wp\/v2\/product\/1321","targetHints":{"allow":["GET"]}}],"collection":[{"href":"https:\/\/www.nimfetka.pl\/index.php\/wp-json\/wp\/v2\/product"}],"about":[{"href":"https:\/\/www.nimfetka.pl\/index.php\/wp-json\/wp\/v2\/types\/product"}],"replies":[{"embeddable":true,"href":"https:\/\/www.nimfetka.pl\/index.php\/wp-json\/wp\/v2\/comments?post=1321"}],"wp:featuredmedia":[{"embeddable":true,"href":"https:\/\/www.nimfetka.pl\/index.php\/wp-json\/wp\/v2\/media\/1322"}],"wp:attachment":[{"href":"https:\/\/www.nimfetka.pl\/index.php\/wp-json\/wp\/v2\/media?parent=1321"}],"wp:term":[{"taxonomy":"product_brand","embeddable":true,"href":"https:\/\/www.nimfetka.pl\/index.php\/wp-json\/wp\/v2\/product_brand?post=1321"},{"taxonomy":"product_cat","embeddable":true,"href":"https:\/\/www.nimfetka.pl\/index.php\/wp-json\/wp\/v2\/product_cat?post=1321"},{"taxonomy":"product_tag","embeddable":true,"href":"https:\/\/www.nimfetka.pl\/index.php\/wp-json\/wp\/v2\/product_tag?post=1321"}],"curies":[{"name":"wp","href":"https:\/\/api.w.org\/{rel}","templated":true}]}}