{"id":1313,"date":"2025-06-15T09:26:54","date_gmt":"2025-06-15T09:26:54","guid":{"rendered":"https:\/\/www.nimfetka.pl\/?post_type=product&#038;p=1313"},"modified":"2025-06-27T19:19:25","modified_gmt":"2025-06-27T19:19:25","slug":"skorzany-choker-z-czarnym-ksiezycem","status":"publish","type":"product","link":"https:\/\/www.nimfetka.pl\/index.php\/produkt\/skorzany-choker-z-czarnym-ksiezycem\/","title":{"rendered":"SK\u00d3RZANY CHOKER Z CZARNYM KSI\u0118\u017bYCEM"},"content":{"rendered":"<p data-start=\"161\" data-end=\"316\">Drobna ozdoba\u2026 o pot\u0119\u017cnej sile przyci\u0105gania.<br data-start=\"205\" data-end=\"208\" \/><strong>Sk\u00f3rzany choker z czarnym ksi\u0119\u017cycem<\/strong>\u2013 to zaproszenie do flirtu, kt\u00f3re oplata szyj\u0119 jak czu\u0142y szept.<\/p>\n<p data-start=\"318\" data-end=\"622\">Wykonany z mi\u0119kkiej, aksamitnie g\u0142adkiej sk\u00f3ry syntetycznej, otula sk\u00f3r\u0119 zmys\u0142owym dotykiem, nie podra\u017cniaj\u0105c, ale zdecydowanie rozpalaj\u0105c wyobra\u017ani\u0119. Klasyczny czarny pasek wie\u0144czy <strong data-start=\"500\" data-end=\"533\">delikatny ksi\u0119\u017cycowy wisiorek<\/strong>, kt\u00f3ry subtelnie l\u015bni przy ka\u017cdym ruchu \u2013 przyci\u0105gaj\u0105c spojrzenia prosto na Tw\u00f3j dekolt.<\/p>\n<p data-start=\"624\" data-end=\"767\">Dzi\u0119ki regulowanemu zapi\u0119ciu dopasuje si\u0119 idealnie \u2013 niezale\u017cnie od tego, czy chcesz go nosi\u0107 ciasno, jak sekret, czy lu\u017ano, jak zaproszenie&#8230;<\/p>\n<p data-start=\"774\" data-end=\"937\"><strong data-start=\"777\" data-end=\"789\">D\u0142ugo\u015b\u0107:<\/strong> 32 cm + 6 cm regulowany \u0142a\u0144cuszek<br data-start=\"823\" data-end=\"826\" \/><strong data-start=\"828\" data-end=\"841\">Materia\u0142:<\/strong> Mi\u0119kka sk\u00f3ra syntetyczna i stop jubilerski<br data-start=\"884\" data-end=\"887\" \/><strong data-start=\"890\" data-end=\"899\">Styl:<\/strong> Gotycka elegancja z nut\u0105 prowokacji<\/p>\n<p data-start=\"944\" data-end=\"1099\" data-is-last-node=\"\" data-is-only-node=\"\">Za\u0142\u00f3\u017c\u00a0<strong>choker z czarnym ksi\u0119\u017cycem<\/strong>\u00a0na randk\u0119, imprez\u0119\u2026 lub zostaw go na noc, kiedy wszystko inne spadnie na pod\u0142og\u0119.<\/p>\n<p data-start=\"944\" data-end=\"1099\" data-is-last-node=\"\" data-is-only-node=\"\"><strong data-start=\"1052\" data-end=\"1099\" data-is-last-node=\"\">Ten choker nie tylko ozdabia \u2013 on obiecuje.<\/strong><\/p>\n","protected":false},"excerpt":{"rendered":"<p>Tabela rozmiar\u00f3w:<\/p>\n<p><strong>Rozmiar UNI:<\/strong><br \/>\n<strong data-start=\"777\" data-end=\"789\">D\u0142ugo\u015b\u0107:<\/strong> 32 cm + 6 cm regulowany \u0142a\u0144cuszek<br data-start=\"823\" data-end=\"826\" \/><strong data-start=\"828\" data-end=\"841\">Materia\u0142:<\/strong> Mi\u0119kka sk\u00f3ra syntetyczna i stop jubilerski<br data-start=\"884\" data-end=\"887\" \/><strong data-start=\"890\" data-end=\"899\">Styl:<\/strong> Gotycka elegancja z nut\u0105 prowokacji<\/p>\n","protected":false},"featured_media":1314,"comment_status":"open","ping_status":"closed","template":"","meta":{"neve_meta_sidebar":"","neve_meta_container":"","neve_meta_enable_content_width":"off","neve_meta_content_width":100,"neve_meta_title_alignment":"","neve_meta_author_avatar":"","neve_post_elements_order":"","neve_meta_disable_header":"","neve_meta_disable_footer":"","neve_meta_disable_title":"","_themeisle_gutenberg_block_has_review":false},"product_brand":[],"product_cat":[29],"product_tag":[],"class_list":{"0":"post-1313","1":"product","2":"type-product","3":"status-publish","4":"has-post-thumbnail","6":"product_cat-akcesoria","8":"first","9":"instock","10":"sale","11":"taxable","12":"shipping-taxable","13":"purchasable","14":"product-type-simple"},"jetpack_sharing_enabled":true,"_links":{"self":[{"href":"https:\/\/www.nimfetka.pl\/index.php\/wp-json\/wp\/v2\/product\/1313","targetHints":{"allow":["GET"]}}],"collection":[{"href":"https:\/\/www.nimfetka.pl\/index.php\/wp-json\/wp\/v2\/product"}],"about":[{"href":"https:\/\/www.nimfetka.pl\/index.php\/wp-json\/wp\/v2\/types\/product"}],"replies":[{"embeddable":true,"href":"https:\/\/www.nimfetka.pl\/index.php\/wp-json\/wp\/v2\/comments?post=1313"}],"wp:featuredmedia":[{"embeddable":true,"href":"https:\/\/www.nimfetka.pl\/index.php\/wp-json\/wp\/v2\/media\/1314"}],"wp:attachment":[{"href":"https:\/\/www.nimfetka.pl\/index.php\/wp-json\/wp\/v2\/media?parent=1313"}],"wp:term":[{"taxonomy":"product_brand","embeddable":true,"href":"https:\/\/www.nimfetka.pl\/index.php\/wp-json\/wp\/v2\/product_brand?post=1313"},{"taxonomy":"product_cat","embeddable":true,"href":"https:\/\/www.nimfetka.pl\/index.php\/wp-json\/wp\/v2\/product_cat?post=1313"},{"taxonomy":"product_tag","embeddable":true,"href":"https:\/\/www.nimfetka.pl\/index.php\/wp-json\/wp\/v2\/product_tag?post=1313"}],"curies":[{"name":"wp","href":"https:\/\/api.w.org\/{rel}","templated":true}]}}