{"id":1287,"date":"2025-06-15T09:09:49","date_gmt":"2025-06-15T09:09:49","guid":{"rendered":"https:\/\/www.nimfetka.pl\/?post_type=product&#038;p=1287"},"modified":"2025-06-29T16:16:00","modified_gmt":"2025-06-29T16:16:00","slug":"koronkowa-koszulka-nocna-fleur-de-nuit","status":"publish","type":"product","link":"https:\/\/www.nimfetka.pl\/index.php\/produkt\/koronkowa-koszulka-nocna-fleur-de-nuit\/","title":{"rendered":"KORONKOWA KOSZULKA NOCNA FLEUR DE NUIT"},"content":{"rendered":"<p data-start=\"167\" data-end=\"408\">Odkryj noc na nowo\u2026 <strong data-start=\"187\" data-end=\"204\">Fleur de Nuit<\/strong> to seksowna koszulka nocna, kt\u00f3ra nie zna granic mi\u0119dzy elegancj\u0105, a nami\u0119tno\u015bci\u0105. Delikatna koronka subtelnie otula piersi, a g\u0142\u0119boki dekolt w kszta\u0142cie litery V zaprasza spojrzenia \u2013 i d\u0142onie&#8230; ni\u017cej.<\/p>\n<p data-start=\"410\" data-end=\"597\">Zmys\u0142owa siateczkowa sp\u00f3dnica lekko faluje przy ka\u017cdym ruchu, a urocze satynowe kokardki dodaj\u0105 pikanterii temu uwodzicielskiemu lookowi. Ty\u0142? Ods\u0142oni\u0119ty. Bo czasem mniej znaczy wi\u0119cej\u2026<\/p>\n<p data-start=\"599\" data-end=\"822\">Dzi\u0119ki idealnemu po\u0142\u0105czeniu mi\u0119kkiego poliestru i elastycznego elastanu, <strong data-start=\"672\" data-end=\"689\">Fleur de Nuit<\/strong> zapewnia luksusowe uczucie na sk\u00f3rze \u2013 tak lekkie, \u017ce niemal zapomnisz, \u017ce masz j\u0105 na sobie&#8230; dop\u00f3ki nie zauwa\u017cysz jego spojrzenia.<\/p>\n<p data-start=\"829\" data-end=\"1027\"><strong data-start=\"831\" data-end=\"846\">W zestawie:<\/strong> \u00a01 x seksowna koronkowa koszulka nocna z podwi\u0105zkami<br data-start=\"898\" data-end=\"901\" \/><strong>Sk\u0142ad:<\/strong> 90% poliester, 10% elastan \u2013 mi\u0119kko\u015b\u0107, kt\u00f3ra pie\u015bci cia\u0142o<br data-start=\"968\" data-end=\"971\" \/><strong>Piel\u0119gnacja:<\/strong> Zalecane pranie r\u0119czne w zimnej wodzie<\/p>\n","protected":false},"excerpt":{"rendered":"<p>Tabela rozmiar\u00f3w:<\/p>\n<p><strong>Rozmiar S:<\/strong> Biust: 85-90 cm, talia: 66-71 cm, d\u0142ugo\u015b\u0107 70 cm<br \/>\n<strong>Rozmiar M:<\/strong> Biust: 90-95 cm, talia: 71-76 cm, d\u0142ugo\u015b\u0107 71 cm<br \/>\n<strong>Rozmiar L:<\/strong> Biust: 95-100 cm, talia: 76- 81 cm, d\u0142ugo\u015b\u0107 72 cm<br \/>\n<strong>Rozmiar XL:<\/strong> Biust: 100-105 cm, talia: 81-86 cm, d\u0142ugo\u015b\u0107 73 cm<br \/>\n<strong>Rozmiar 2XL:<\/strong> Biust: 105-110 cm, talia: 86-91cm, d\u0142ugo\u015b\u0107 74 cm<\/p>\n<p>Uwaga:<br \/>\n\u2013 Mo\u017ce wyst\u0105pi\u0107 odchylenie rz\u0119du 1\u20132 cm w r\u00f3\u017cnych rozmiarach i miejscach pomiaru.<br \/>\n\u2013 Kolor mo\u017ce by\u0107 ja\u015bniejszy lub ciemniejszy ze wzgl\u0119du na r\u00f3\u017cne ekrany.<\/p>\n","protected":false},"featured_media":1309,"comment_status":"open","ping_status":"closed","template":"","meta":{"neve_meta_sidebar":"","neve_meta_container":"","neve_meta_enable_content_width":"off","neve_meta_content_width":100,"neve_meta_title_alignment":"","neve_meta_author_avatar":"","neve_post_elements_order":"","neve_meta_disable_header":"","neve_meta_disable_footer":"","neve_meta_disable_title":"","_themeisle_gutenberg_block_has_review":false},"product_brand":[],"product_cat":[25],"product_tag":[],"class_list":{"0":"post-1287","1":"product","2":"type-product","3":"status-publish","4":"has-post-thumbnail","6":"product_cat-koszulki-nocne","8":"first","9":"instock","10":"sale","11":"taxable","12":"shipping-taxable","13":"purchasable","14":"product-type-variable"},"jetpack_sharing_enabled":true,"_links":{"self":[{"href":"https:\/\/www.nimfetka.pl\/index.php\/wp-json\/wp\/v2\/product\/1287","targetHints":{"allow":["GET"]}}],"collection":[{"href":"https:\/\/www.nimfetka.pl\/index.php\/wp-json\/wp\/v2\/product"}],"about":[{"href":"https:\/\/www.nimfetka.pl\/index.php\/wp-json\/wp\/v2\/types\/product"}],"replies":[{"embeddable":true,"href":"https:\/\/www.nimfetka.pl\/index.php\/wp-json\/wp\/v2\/comments?post=1287"}],"wp:featuredmedia":[{"embeddable":true,"href":"https:\/\/www.nimfetka.pl\/index.php\/wp-json\/wp\/v2\/media\/1309"}],"wp:attachment":[{"href":"https:\/\/www.nimfetka.pl\/index.php\/wp-json\/wp\/v2\/media?parent=1287"}],"wp:term":[{"taxonomy":"product_brand","embeddable":true,"href":"https:\/\/www.nimfetka.pl\/index.php\/wp-json\/wp\/v2\/product_brand?post=1287"},{"taxonomy":"product_cat","embeddable":true,"href":"https:\/\/www.nimfetka.pl\/index.php\/wp-json\/wp\/v2\/product_cat?post=1287"},{"taxonomy":"product_tag","embeddable":true,"href":"https:\/\/www.nimfetka.pl\/index.php\/wp-json\/wp\/v2\/product_tag?post=1287"}],"curies":[{"name":"wp","href":"https:\/\/api.w.org\/{rel}","templated":true}]}}