{"id":1207,"date":"2025-06-08T21:57:32","date_gmt":"2025-06-08T21:57:32","guid":{"rendered":"https:\/\/www.nimfetka.pl\/?post_type=product&#038;p=1207"},"modified":"2025-07-02T21:18:15","modified_gmt":"2025-07-02T21:18:15","slug":"blyszczace-bodystocking-ravenna-oro","status":"publish","type":"product","link":"https:\/\/www.nimfetka.pl\/index.php\/produkt\/blyszczace-bodystocking-ravenna-oro\/","title":{"rendered":"B\u0141YSZCZ\u0104CE BODYSTOCKING RAVENNA ORO"},"content":{"rendered":"<p data-start=\"92\" data-end=\"136\"><strong data-start=\"92\" data-end=\"136\">Ravenna Oro \u2013 ol\u015bniewaj w blasku zmys\u0142\u00f3w<\/strong><\/p>\n<p data-start=\"138\" data-end=\"420\">Zanurz si\u0119 w \u015bwiecie \u015bmia\u0142ej elegancji z bodystockingiem <strong data-start=\"195\" data-end=\"210\">Ravenna Oro<\/strong> \u2013 kreacj\u0105, kt\u00f3ra nie zna kompromis\u00f3w mi\u0119dzy uwodzeniem a luksusem. Ta seksowna sukienka z siateczki to eksplozja nami\u0119tno\u015bci, przeplatana b\u0142yskiem stras\u00f3w, kt\u00f3re przy ka\u017cdym ruchu l\u015bni\u0105 jak grzeszne obietnice.<\/p>\n<p data-start=\"422\" data-end=\"807\">Elastyczny, idealnie dopasowuj\u0105cy si\u0119 materia\u0142 otula cia\u0142o jak druga sk\u00f3ra, podkre\u015blaj\u0105c ka\u017cdy centymetr kobiecej figury. Ods\u0142aniaj\u0105ce panele boczne i g\u0142\u0119boko wyci\u0119ty dekolt bezwstydnie eksponuj\u0105 Twoje atuty, podczas gdy przezroczysta siateczka subtelnie flirtuje z wyobra\u017ani\u0105. To bielizna, kt\u00f3ra m\u00f3wi wi\u0119cej ni\u017c s\u0142owa \u2013 szeptem rozbudza zmys\u0142y i zostawia \u015blad, kt\u00f3ry trudno zapomnie\u0107.<\/p>\n<p data-start=\"809\" data-end=\"1038\"><strong data-start=\"809\" data-end=\"824\">Ravenna Oro<\/strong> to nie tylko bielizna \u2013 to manifestacja pewno\u015bci siebie, kobieco\u015bci i zmys\u0142owego buntu. Stworzona, by\u015b b\u0142yszcza\u0142a \u2013 w sypialni, na scenie swojej fantazji lub w roli, w kt\u00f3rej czujesz si\u0119 najbardziej niebezpieczna.<br \/>\n<span class=\"a-list-item a-size-base a-color-base\"><br \/>\nB\u0142yszcz\u0105ce bodystocking <strong data-start=\"1045\" data-end=\"1060\">Ravenna Oro<\/strong>\u00a0sk\u0142ada si\u0119 w 96% z nylonu i w 4% z elastanu. Wysokiej jako\u015bci rozci\u0105gliwy materia\u0142 jest \u0142atwy do zak\u0142adania i zdejmowania. Jeden rozmiar pasuje do wszystkich. <\/span><\/p>\n<p data-start=\"1045\" data-end=\"1085\" data-is-last-node=\"\" data-is-only-node=\"\"><strong data-start=\"1045\" data-end=\"1060\">Ravenna Oro<\/strong> \u2013 nie no\u015b jej. Celebruj.<\/p>\n<div style=\"width: 1080px;\" class=\"wp-video\"><video class=\"wp-video-shortcode\" id=\"video-1207-1\" width=\"1080\" height=\"1920\" preload=\"metadata\" controls=\"controls\"><source type=\"video\/mp4\" src=\"https:\/\/www.nimfetka.pl\/wp-content\/uploads\/2025\/06\/RavennaOro-GOTOWE.mp4?_=1\" \/><a href=\"https:\/\/www.nimfetka.pl\/wp-content\/uploads\/2025\/06\/RavennaOro-GOTOWE.mp4\">https:\/\/www.nimfetka.pl\/wp-content\/uploads\/2025\/06\/RavennaOro-GOTOWE.mp4<\/a><\/video><\/div>\n","protected":false},"excerpt":{"rendered":"<p>Tabela rozmiar\u00f3w:<\/p>\n<p><strong>Rozmiar UNI:<\/strong> Biust: 76-114 cm<\/p>\n<p>Uwaga:<br \/>\n\u2013 Mo\u017ce wyst\u0105pi\u0107 odchylenie rz\u0119du 1\u20132 cm w r\u00f3\u017cnych rozmiarach i miejscach pomiaru.<br \/>\n\u2013 Kolor mo\u017ce by\u0107 ja\u015bniejszy lub ciemniejszy ze wzgl\u0119du na r\u00f3\u017cne ekrany.<\/p>\n","protected":false},"featured_media":1208,"comment_status":"open","ping_status":"closed","template":"","meta":{"neve_meta_sidebar":"","neve_meta_container":"","neve_meta_enable_content_width":"off","neve_meta_content_width":100,"neve_meta_title_alignment":"","neve_meta_author_avatar":"","neve_post_elements_order":"","neve_meta_disable_header":"","neve_meta_disable_footer":"","neve_meta_disable_title":"","_themeisle_gutenberg_block_has_review":false},"product_brand":[],"product_cat":[22],"product_tag":[],"class_list":{"0":"post-1207","1":"product","2":"type-product","3":"status-publish","4":"has-post-thumbnail","6":"product_cat-bodystocking","8":"first","9":"instock","10":"sale","11":"taxable","12":"shipping-taxable","13":"purchasable","14":"product-type-variable"},"jetpack_sharing_enabled":true,"_links":{"self":[{"href":"https:\/\/www.nimfetka.pl\/index.php\/wp-json\/wp\/v2\/product\/1207","targetHints":{"allow":["GET"]}}],"collection":[{"href":"https:\/\/www.nimfetka.pl\/index.php\/wp-json\/wp\/v2\/product"}],"about":[{"href":"https:\/\/www.nimfetka.pl\/index.php\/wp-json\/wp\/v2\/types\/product"}],"replies":[{"embeddable":true,"href":"https:\/\/www.nimfetka.pl\/index.php\/wp-json\/wp\/v2\/comments?post=1207"}],"wp:featuredmedia":[{"embeddable":true,"href":"https:\/\/www.nimfetka.pl\/index.php\/wp-json\/wp\/v2\/media\/1208"}],"wp:attachment":[{"href":"https:\/\/www.nimfetka.pl\/index.php\/wp-json\/wp\/v2\/media?parent=1207"}],"wp:term":[{"taxonomy":"product_brand","embeddable":true,"href":"https:\/\/www.nimfetka.pl\/index.php\/wp-json\/wp\/v2\/product_brand?post=1207"},{"taxonomy":"product_cat","embeddable":true,"href":"https:\/\/www.nimfetka.pl\/index.php\/wp-json\/wp\/v2\/product_cat?post=1207"},{"taxonomy":"product_tag","embeddable":true,"href":"https:\/\/www.nimfetka.pl\/index.php\/wp-json\/wp\/v2\/product_tag?post=1207"}],"curies":[{"name":"wp","href":"https:\/\/api.w.org\/{rel}","templated":true}]}}