{"id":1186,"date":"2025-06-08T21:30:18","date_gmt":"2025-06-08T21:30:18","guid":{"rendered":"https:\/\/www.nimfetka.pl\/?post_type=product&#038;p=1186"},"modified":"2025-06-29T16:23:00","modified_gmt":"2025-06-29T16:23:00","slug":"dluga-koszulka-nocna-milano-velluto","status":"publish","type":"product","link":"https:\/\/www.nimfetka.pl\/index.php\/produkt\/dluga-koszulka-nocna-milano-velluto\/","title":{"rendered":"D\u0141UGA KOSZULKA NOCNA MILANO VELLUTO"},"content":{"rendered":"<p data-start=\"95\" data-end=\"160\"><strong data-start=\"95\" data-end=\"160\">Milano Velluto \u2013 zmys\u0142owo\u015b\u0107, kt\u00f3ra sp\u0142ywa po ciele jak jedwab<\/strong><\/p>\n<p data-start=\"162\" data-end=\"532\">Zanurz si\u0119 w mi\u0119kko\u015b\u0107 nocy z koszulk\u0105 <strong data-start=\"200\" data-end=\"218\">Milano Velluto<\/strong>, kt\u00f3ra nie tylko otula Twoj\u0105 sylwetk\u0119, ale wr\u0119cz j\u0105 celebruje. D\u0142uga, koronkowo-siateczkowa koszulka nocna to wi\u0119cej ni\u017c bielizna \u2013 to zaproszenie do gry zmys\u0142\u00f3w. Subtelnie przezroczysty materia\u0142 zmys\u0142owo uk\u0142ada si\u0119 na ciele, ods\u0142aniaj\u0105c dok\u0142adnie tyle, ile trzeba, by rozbudzi\u0107 wyobra\u017ani\u0119\u2026 i pozostawi\u0107 niedosyt.<\/p>\n<p data-start=\"534\" data-end=\"866\">Elastyczna tkanina idealnie dopasowuje si\u0119 do Twoich kr\u0105g\u0142o\u015bci, podkre\u015blaj\u0105c biodra, tali\u0119 i biust z kobiec\u0105 precyzj\u0105. Koronkowe detale, mi\u0119kkie jak aksamitne spojrzenie, prowadz\u0105 d\u0142o\u0144 i wzrok tam, gdzie zaczyna si\u0119 rozkosz. To fason stworzony po to, by\u015b czu\u0142a si\u0119 pewnie, zmys\u0142owo i absolutnie ol\u015bniewaj\u0105co \u2013 bez wzgl\u0119du na okazj\u0119.<\/p>\n<p data-start=\"868\" data-end=\"1110\"><strong data-start=\"868\" data-end=\"886\">Milano Velluto<\/strong> to idealna towarzyszka romantycznych nocy \u2013 od walentynkowych uniesie\u0144, przez miesi\u0105c miodowy, a\u017c po te wieczory, kiedy chcesz po prostu&#8230; rozpali\u0107 atmosfer\u0119. A do\u0142\u0105czone stringi to kropka nad \u201ei\u201d w tej zmys\u0142owej historii.<\/p>\n<p data-start=\"1117\" data-end=\"1217\" data-is-last-node=\"\" data-is-only-node=\"\"><strong data-start=\"1117\" data-end=\"1135\">Milano Velluto<\/strong> \u2013 poczuj luksus na sk\u00f3rze, odkryj zmys\u0142owo\u015b\u0107 w ruchu, daj si\u0119 ponie\u015b\u0107 pragnieniu.<\/p>\n<div style=\"width: 1080px;\" class=\"wp-video\"><video class=\"wp-video-shortcode\" id=\"video-1186-1\" width=\"1080\" height=\"1920\" preload=\"metadata\" controls=\"controls\"><source type=\"video\/mp4\" src=\"https:\/\/www.nimfetka.pl\/wp-content\/uploads\/2025\/06\/MilanoVelluto-GOTOWE.mp4?_=1\" \/><a href=\"https:\/\/www.nimfetka.pl\/wp-content\/uploads\/2025\/06\/MilanoVelluto-GOTOWE.mp4\">https:\/\/www.nimfetka.pl\/wp-content\/uploads\/2025\/06\/MilanoVelluto-GOTOWE.mp4<\/a><\/video><\/div>\n","protected":false},"excerpt":{"rendered":"<p>Tabela rozmiar\u00f3w:<\/p>\n<p><strong>Rozmiar S:<\/strong> Biust: 84-87 cm, talia: 66-71 cm<br \/>\n<strong>Rozmiar M:<\/strong> Biust: 88-93 cm, talia: 72-77 cm<br \/>\n<strong>Rozmiar L:<\/strong> Biust: 94-99 cm, talia: 78-83 cm<br \/>\n<strong>Rozmiar XL:<\/strong> Biust: 100-105 cm, talia: 84-89 cm<br \/>\n<strong>Rozmiar 2XL:<\/strong> Biust: 106-111 cm, talia: 90-95 cm<\/p>\n<p>Uwaga:<br \/>\n\u2013 Mo\u017ce wyst\u0105pi\u0107 odchylenie rz\u0119du 1\u20132 cm w r\u00f3\u017cnych rozmiarach i miejscach pomiaru.<br \/>\n\u2013 Kolor mo\u017ce by\u0107 ja\u015bniejszy lub ciemniejszy ze wzgl\u0119du na r\u00f3\u017cne ekrany.<\/p>\n","protected":false},"featured_media":1188,"comment_status":"open","ping_status":"closed","template":"","meta":{"neve_meta_sidebar":"","neve_meta_container":"","neve_meta_enable_content_width":"off","neve_meta_content_width":100,"neve_meta_title_alignment":"","neve_meta_author_avatar":"","neve_post_elements_order":"","neve_meta_disable_header":"","neve_meta_disable_footer":"","neve_meta_disable_title":"","_themeisle_gutenberg_block_has_review":false},"product_brand":[],"product_cat":[25],"product_tag":[],"class_list":{"0":"post-1186","1":"product","2":"type-product","3":"status-publish","4":"has-post-thumbnail","6":"product_cat-koszulki-nocne","8":"first","9":"instock","10":"sale","11":"taxable","12":"shipping-taxable","13":"purchasable","14":"product-type-variable"},"jetpack_sharing_enabled":true,"_links":{"self":[{"href":"https:\/\/www.nimfetka.pl\/index.php\/wp-json\/wp\/v2\/product\/1186","targetHints":{"allow":["GET"]}}],"collection":[{"href":"https:\/\/www.nimfetka.pl\/index.php\/wp-json\/wp\/v2\/product"}],"about":[{"href":"https:\/\/www.nimfetka.pl\/index.php\/wp-json\/wp\/v2\/types\/product"}],"replies":[{"embeddable":true,"href":"https:\/\/www.nimfetka.pl\/index.php\/wp-json\/wp\/v2\/comments?post=1186"}],"wp:featuredmedia":[{"embeddable":true,"href":"https:\/\/www.nimfetka.pl\/index.php\/wp-json\/wp\/v2\/media\/1188"}],"wp:attachment":[{"href":"https:\/\/www.nimfetka.pl\/index.php\/wp-json\/wp\/v2\/media?parent=1186"}],"wp:term":[{"taxonomy":"product_brand","embeddable":true,"href":"https:\/\/www.nimfetka.pl\/index.php\/wp-json\/wp\/v2\/product_brand?post=1186"},{"taxonomy":"product_cat","embeddable":true,"href":"https:\/\/www.nimfetka.pl\/index.php\/wp-json\/wp\/v2\/product_cat?post=1186"},{"taxonomy":"product_tag","embeddable":true,"href":"https:\/\/www.nimfetka.pl\/index.php\/wp-json\/wp\/v2\/product_tag?post=1186"}],"curies":[{"name":"wp","href":"https:\/\/api.w.org\/{rel}","templated":true}]}}