{"id":1161,"date":"2025-06-08T20:27:41","date_gmt":"2025-06-08T20:27:41","guid":{"rendered":"https:\/\/www.nimfetka.pl\/?post_type=product&#038;p=1161"},"modified":"2025-07-02T21:32:25","modified_gmt":"2025-07-02T21:32:25","slug":"tajemniczy-komplet-montpellier-enigme","status":"publish","type":"product","link":"https:\/\/www.nimfetka.pl\/index.php\/produkt\/tajemniczy-komplet-montpellier-enigme\/","title":{"rendered":"TAJEMNICZY KOMPLET MONTPELLIER \u00c9NIGME"},"content":{"rendered":"<p data-start=\"84\" data-end=\"146\"><strong data-start=\"84\" data-end=\"146\">Montpellier \u00c9nigme \u2013 bielizna, kt\u00f3ra m\u00f3wi wi\u0119cej ni\u017c s\u0142owa<\/strong><\/p>\n<p data-start=\"148\" data-end=\"425\">Wkrocz w \u015bwiat zmys\u0142owej tajemnicy z <strong data-start=\"185\" data-end=\"207\">Montpellier \u00c9nigme<\/strong> \u2013 sze\u015bcioelementowym kompletem bielizny, kt\u00f3ry nie pozostawia z\u0142udze\u0144: jeste\u015b kobiet\u0105, kt\u00f3rej si\u0119 nie zapomina. Ka\u017cdy detal tego zestawu zosta\u0142 zaprojektowany tak, by uwodzi\u0107 spojrzeniem i budzi\u0107 najskrytsze fantazje.<\/p>\n<p data-start=\"427\" data-end=\"787\">Biustonosz z fiszbinami unosi piersi w zmys\u0142owy spos\u00f3b, delikatnie je modeluj\u0105c i eksponuj\u0105c, podczas gdy po\u0142yskuj\u0105ce o-ringi i detale do po\u0144czoch prowadz\u0105 wzrok ku dolnym partiom cia\u0142a \u2013 kusz\u0105co, \u015bmia\u0142o, bez \u017cadnych zahamowa\u0144. Regulowane paski oplataj\u0105 sylwetk\u0119 jak jedwabne nici po\u017c\u0105dania, podkre\u015blaj\u0105c biodra i tali\u0119 w najseksowniejszy z mo\u017cliwych sposob\u00f3w.<\/p>\n<p data-start=\"789\" data-end=\"1012\">Ten komplet to nie tylko bielizna \u2013 to narz\u0119dzie uwodzenia. Niezale\u017cnie od tego, czy planujesz wyj\u0105tkow\u0105 noc we dwoje, czy po prostu chcesz poczu\u0107 si\u0119 jak bogini, <strong data-start=\"952\" data-end=\"974\">Montpellier \u00c9nigme<\/strong> jest Twoim sekretnym sprzymierze\u0144cem.<\/p>\n<p data-start=\"1014\" data-end=\"1218\">Idealny na wieczory pe\u0142ne napi\u0119cia i gry wst\u0119pnej, \u015bwi\u0119towanie rocznic, walentynkowe wyznania czy elektryzuj\u0105c\u0105 randk\u0119 \u2013 <strong data-start=\"1135\" data-end=\"1145\">\u00c9nigme<\/strong> to Twoja tajna bro\u0144, kt\u00f3r\u0105 zdejmiesz\u2026 tylko wtedy, gdy sama zdecydujesz.<\/p>\n<p data-start=\"1225\" data-end=\"1331\" data-is-last-node=\"\" data-is-only-node=\"\"><strong data-start=\"1225\" data-end=\"1247\">Montpellier \u00c9nigme<\/strong> \u2013 rozpal wyobra\u017ani\u0119, zostaw pytania bez odpowiedzi\u2026 i ka\u017c go czeka\u0107 na rozwi\u0105zanie.<\/p>\n<div style=\"width: 1080px;\" class=\"wp-video\"><video class=\"wp-video-shortcode\" id=\"video-1161-1\" width=\"1080\" height=\"1920\" preload=\"metadata\" controls=\"controls\"><source type=\"video\/mp4\" src=\"https:\/\/www.nimfetka.pl\/wp-content\/uploads\/2025\/06\/MontpellierEnigme-GOTOWE-1.mp4?_=1\" \/><a href=\"https:\/\/www.nimfetka.pl\/wp-content\/uploads\/2025\/06\/MontpellierEnigme-GOTOWE-1.mp4\">https:\/\/www.nimfetka.pl\/wp-content\/uploads\/2025\/06\/MontpellierEnigme-GOTOWE-1.mp4<\/a><\/video><\/div>\n","protected":false},"excerpt":{"rendered":"<p>Tabela rozmiar\u00f3w:<\/p>\n<p><strong>Rozmiar S:<\/strong>\u00a0Miseczka: A\/B, pod biustem: 81-86 cm, talia: 66-71 cm<br \/>\n<strong>Rozmiar M:<\/strong>\u00a0Miseczka: B\/C, pod biustem: 86-91 cm, talia: 71-76 cm<br \/>\n<strong>Rozmiar L:<\/strong>\u00a0Miseczka: C\/D, pod biustem: 91-96 cm, talia: 76-81 cm<br \/>\n<strong>Rozmiar XL:<\/strong>\u00a0Miseczka: C\/D, pod biustem: 96-101 cm, talia: 81-86 cm<br \/>\n<strong>Rozmiar 2XL:<\/strong>\u00a0Miseczka: D\/DD, Pod biustem: 101-106 cm, talia: 91-96 cm<\/p>\n<p>Uwaga:<br \/>\n\u2013 Mo\u017ce wyst\u0105pi\u0107 odchylenie rz\u0119du 1\u20132 cm w r\u00f3\u017cnych rozmiarach i miejscach pomiaru.<br \/>\n\u2013 Kolor mo\u017ce by\u0107 ja\u015bniejszy lub ciemniejszy ze wzgl\u0119du na r\u00f3\u017cne ekrany komputera.<\/p>\n","protected":false},"featured_media":1162,"comment_status":"open","ping_status":"closed","template":"","meta":{"neve_meta_sidebar":"","neve_meta_container":"","neve_meta_enable_content_width":"off","neve_meta_content_width":100,"neve_meta_title_alignment":"","neve_meta_author_avatar":"","neve_post_elements_order":"","neve_meta_disable_header":"","neve_meta_disable_footer":"","neve_meta_disable_title":"","_themeisle_gutenberg_block_has_review":false},"product_brand":[],"product_cat":[20],"product_tag":[],"class_list":{"0":"post-1161","1":"product","2":"type-product","3":"status-publish","4":"has-post-thumbnail","6":"product_cat-komplety-bielizny","8":"first","9":"instock","10":"sale","11":"taxable","12":"shipping-taxable","13":"purchasable","14":"product-type-variable"},"jetpack_sharing_enabled":true,"_links":{"self":[{"href":"https:\/\/www.nimfetka.pl\/index.php\/wp-json\/wp\/v2\/product\/1161","targetHints":{"allow":["GET"]}}],"collection":[{"href":"https:\/\/www.nimfetka.pl\/index.php\/wp-json\/wp\/v2\/product"}],"about":[{"href":"https:\/\/www.nimfetka.pl\/index.php\/wp-json\/wp\/v2\/types\/product"}],"replies":[{"embeddable":true,"href":"https:\/\/www.nimfetka.pl\/index.php\/wp-json\/wp\/v2\/comments?post=1161"}],"wp:featuredmedia":[{"embeddable":true,"href":"https:\/\/www.nimfetka.pl\/index.php\/wp-json\/wp\/v2\/media\/1162"}],"wp:attachment":[{"href":"https:\/\/www.nimfetka.pl\/index.php\/wp-json\/wp\/v2\/media?parent=1161"}],"wp:term":[{"taxonomy":"product_brand","embeddable":true,"href":"https:\/\/www.nimfetka.pl\/index.php\/wp-json\/wp\/v2\/product_brand?post=1161"},{"taxonomy":"product_cat","embeddable":true,"href":"https:\/\/www.nimfetka.pl\/index.php\/wp-json\/wp\/v2\/product_cat?post=1161"},{"taxonomy":"product_tag","embeddable":true,"href":"https:\/\/www.nimfetka.pl\/index.php\/wp-json\/wp\/v2\/product_tag?post=1161"}],"curies":[{"name":"wp","href":"https:\/\/api.w.org\/{rel}","templated":true}]}}