{"id":1106,"date":"2025-06-08T20:08:20","date_gmt":"2025-06-08T20:08:20","guid":{"rendered":"https:\/\/www.nimfetka.pl\/?post_type=product&#038;p=1106"},"modified":"2025-06-27T19:57:52","modified_gmt":"2025-06-27T19:57:52","slug":"koronkowy-zestaw-z-szlafrokiem-cannes-lumiere","status":"publish","type":"product","link":"https:\/\/www.nimfetka.pl\/index.php\/produkt\/koronkowy-zestaw-z-szlafrokiem-cannes-lumiere\/","title":{"rendered":"KORONKOWY ZESTAW Z SZLAFROKIEM CANNES LUMI\u00c8RE"},"content":{"rendered":"<p data-start=\"102\" data-end=\"142\"><strong data-start=\"102\" data-end=\"142\">Cannes Lumi\u00e8re \u2013 rozb\u0142y\u015bnij zmys\u0142ami<\/strong><\/p>\n<p data-start=\"144\" data-end=\"365\">Gdy noc zapada nad Lazurowym Wybrze\u017cem, a \u015bwiat\u0142o \u015bwiec ta\u0144czy na koronkach, pojawia si\u0119 ona \u2013 <strong data-start=\"239\" data-end=\"257\">Cannes Lumi\u00e8re<\/strong>. Ten trzycz\u0119\u015bciowy komplet to wi\u0119cej ni\u017c bielizna \u2013 to spektakl zmys\u0142owo\u015bci w najlepszym, francuskim stylu.<\/p>\n<p data-start=\"367\" data-end=\"779\">Otul swoje cia\u0142o delikatn\u0105 koszulk\u0105 nocn\u0105 z p\u00f3\u0142przezroczystej siateczki, kt\u00f3ra uwodzicielsko ods\u0142ania, zamiast zakrywa\u0107. Kwiatowe hafty igraj\u0105 ze sk\u00f3r\u0105 jak niewinne poca\u0142unki, a dopasowany biustonosz i figi delikatnie modeluj\u0105 sylwetk\u0119, podkre\u015blaj\u0105c kr\u0105g\u0142o\u015bci, kt\u00f3re zas\u0142uguj\u0105 na zachwyt. Ca\u0142o\u015b\u0107 dope\u0142nia lekki, przezroczysty szlafrok z siateczki, kt\u00f3ry spada z ramion z t\u0105 sam\u0105 \u0142atwo\u015bci\u0105, z jak\u0105 skradasz serca.<\/p>\n<p data-start=\"781\" data-end=\"994\"><strong data-start=\"781\" data-end=\"799\">Cannes Lumi\u00e8re<\/strong> \u0142\u0105czy elegancj\u0119 haute couture z bezwstydnym urokiem bielizny stworzonej do uwodzenia. Regulowany pasek pozwala dopasowa\u0107 go idealnie do Twoich kszta\u0142t\u00f3w \u2013 albo zsun\u0105\u0107 w jednej, \u015bwiadomej chwili.<\/p>\n<p data-start=\"996\" data-end=\"1151\">Idealny na noc po\u015blubn\u0105, walentynkow\u0105 niespodziank\u0119, czy po prostu wiecz\u00f3r, kiedy chcesz poczu\u0107 si\u0119 jak gwiazda prywatnego filmu\u2026 z pikantnym zako\u0144czeniem.<\/p>\n<div style=\"width: 1080px;\" class=\"wp-video\"><video class=\"wp-video-shortcode\" id=\"video-1106-1\" width=\"1080\" height=\"1920\" preload=\"metadata\" controls=\"controls\"><source type=\"video\/mp4\" src=\"https:\/\/www.nimfetka.pl\/wp-content\/uploads\/2025\/06\/CannesLumiere-GOTOWE.mp4?_=1\" \/><a href=\"https:\/\/www.nimfetka.pl\/wp-content\/uploads\/2025\/06\/CannesLumiere-GOTOWE.mp4\">https:\/\/www.nimfetka.pl\/wp-content\/uploads\/2025\/06\/CannesLumiere-GOTOWE.mp4<\/a><\/video><\/div>\n","protected":false},"excerpt":{"rendered":"<p>Tabela rozmiar\u00f3w:<\/p>\n<p><strong>Rozmiar S:<\/strong> Biust: 83-87 cm, talia: 64-68 cm, d\u0142ugo\u015b\u0107: 94 cm<br \/>\n<strong>Rozmiar M:<\/strong> Biust: 88-93 cm, talia: 69-74 cm, d\u0142ugo\u015b\u0107: 95 cm<br \/>\n<strong>Rozmiar L:<\/strong> Biust: 94-98 cm, talia: 75-80 cm, d\u0142ugo\u015b\u0107: 96 cm<br \/>\n<strong>Rozmiar XL:<\/strong> Biust: 99-103 cm, talia: 81-86 cm, d\u0142ugo\u015b\u0107: 97 cm<br \/>\n<strong>Rozmiar 2XL:<\/strong> Biust: 104-108 cm, talia: 87-92 cm, d\u0142ugo\u015b\u0107: 98 cm<\/p>\n<p>Uwaga:<br \/>\n\u2013 Mo\u017ce wyst\u0105pi\u0107 odchylenie rz\u0119du 1\u20132 cm w r\u00f3\u017cnych rozmiarach i miejscach pomiaru.<br \/>\n\u2013 Kolor mo\u017ce by\u0107 ja\u015bniejszy lub ciemniejszy ze wzgl\u0119du na r\u00f3\u017cne ekrany.<\/p>\n","protected":false},"featured_media":1109,"comment_status":"open","ping_status":"closed","template":"","meta":{"neve_meta_sidebar":"","neve_meta_container":"","neve_meta_enable_content_width":"off","neve_meta_content_width":100,"neve_meta_title_alignment":"","neve_meta_author_avatar":"","neve_post_elements_order":"","neve_meta_disable_header":"","neve_meta_disable_footer":"","neve_meta_disable_title":"","_themeisle_gutenberg_block_has_review":false},"product_brand":[],"product_cat":[20,28],"product_tag":[],"class_list":{"0":"post-1106","1":"product","2":"type-product","3":"status-publish","4":"has-post-thumbnail","6":"product_cat-komplety-bielizny","7":"product_cat-szlafroki","9":"first","10":"instock","11":"sale","12":"taxable","13":"shipping-taxable","14":"purchasable","15":"product-type-variable"},"jetpack_sharing_enabled":true,"_links":{"self":[{"href":"https:\/\/www.nimfetka.pl\/index.php\/wp-json\/wp\/v2\/product\/1106","targetHints":{"allow":["GET"]}}],"collection":[{"href":"https:\/\/www.nimfetka.pl\/index.php\/wp-json\/wp\/v2\/product"}],"about":[{"href":"https:\/\/www.nimfetka.pl\/index.php\/wp-json\/wp\/v2\/types\/product"}],"replies":[{"embeddable":true,"href":"https:\/\/www.nimfetka.pl\/index.php\/wp-json\/wp\/v2\/comments?post=1106"}],"wp:featuredmedia":[{"embeddable":true,"href":"https:\/\/www.nimfetka.pl\/index.php\/wp-json\/wp\/v2\/media\/1109"}],"wp:attachment":[{"href":"https:\/\/www.nimfetka.pl\/index.php\/wp-json\/wp\/v2\/media?parent=1106"}],"wp:term":[{"taxonomy":"product_brand","embeddable":true,"href":"https:\/\/www.nimfetka.pl\/index.php\/wp-json\/wp\/v2\/product_brand?post=1106"},{"taxonomy":"product_cat","embeddable":true,"href":"https:\/\/www.nimfetka.pl\/index.php\/wp-json\/wp\/v2\/product_cat?post=1106"},{"taxonomy":"product_tag","embeddable":true,"href":"https:\/\/www.nimfetka.pl\/index.php\/wp-json\/wp\/v2\/product_tag?post=1106"}],"curies":[{"name":"wp","href":"https:\/\/api.w.org\/{rel}","templated":true}]}}