{"id":75,"date":"2025-05-28T20:47:28","date_gmt":"2025-05-28T20:47:28","guid":{"rendered":"https:\/\/www.nimfetka.pl\/?page_id=75"},"modified":"2025-07-02T22:25:26","modified_gmt":"2025-07-02T22:25:26","slug":"dostawa-i-wysylka","status":"publish","type":"page","link":"https:\/\/www.nimfetka.pl\/index.php\/dostawa-i-wysylka\/","title":{"rendered":"DOSTAWA I WYSY\u0141KA"},"content":{"rendered":"\n<div id=\"wp-block-themeisle-blocks-advanced-columns-36e48672\" class=\"wp-block-themeisle-blocks-advanced-columns alignfull has-1-columns has-desktop-equal-layout has-tablet-equal-layout has-mobile-equal-layout has-vertical-center\"><div class=\"wp-block-themeisle-blocks-advanced-columns-overlay\"><\/div><div class=\"innerblocks-wrap\">\n<div id=\"wp-block-themeisle-blocks-advanced-column-adc65de0\" class=\"wp-block-themeisle-blocks-advanced-column\">\n<h1 class=\"wp-block-heading has-text-align-center has-white-color has-text-color\">Dostawa i wysy\u0142ka<\/h1>\n\n\n\n<p class=\"has-text-align-center has-nv-text-dark-bg-color has-text-color\">Przesy\u0142ki s\u0105 nadawane z Polski przez w 100% polsk\u0105 firm\u0119<\/p>\n<\/div>\n<\/div><\/div>\n\n\n\n<p><\/p>\n\n\n\n<ul class=\"wp-block-list\">\n<li>Darmowa dostawa obejmuje wszystkie zam\u00f3wienia z przedp\u0142at\u0105 wysy\u0142ane na obszarze ca\u0142ej Polski.<\/li>\n\n\n\n<li>Zam\u00f3wienia dostarczane s\u0105 przez firm\u0119 kuriersk\u0105 Inpost.<\/li>\n\n\n\n<li>Ca\u0142kowity czas realizacji zam\u00f3wienia wraz z wysy\u0142k\u0105 wynosi od 2 do 7 dni roboczych<\/li>\n\n\n\n<li>Je\u015bli nie otrzymasz zam\u00f3wienia w ci\u0105gu 7 dni roboczych od z\u0142o\u017cenia zam\u00f3wienia lub produkt oka\u017ce si\u0119 wadliwy, skontaktuj si\u0119 z nami.<\/li>\n\n\n\n<li>Przesy\u0142ki s\u0105 nadawane z Polski przez w 100% polsk\u0105 firm\u0119<\/li>\n\n\n\n<li>Produkty s\u0105 wysy\u0142ane na bie\u017c\u0105co, gdy tylko s\u0105 dost\u0119pne w jednym z naszych magazyn\u00f3w<\/li>\n\n\n\n<li>Zwrot zakupionych produkt\u00f3w mo\u017cliwy jest w ci\u0105gu 14 dni od otrzymania przesy\u0142ki. Aby rozpocz\u0105\u0107 procedur\u0119 zwrotu, prosimy o kontakt pod adresem e-mail: <a href=\"mailto:kontakt.nimfetka@gmail.com\">kontakt.nimfetka@gmail.com<\/a> &#8211; w tytule wiadomo\u015bci napisz ZWROT<\/li>\n\n\n\n<li>Je\u017celi produkt oka\u017ce si\u0119 wadliwy,&nbsp;skontaktuj si\u0119 z nami.<\/li>\n<\/ul>\n\n\n\n<p><\/p>\n","protected":false},"excerpt":{"rendered":"","protected":false},"author":1,"featured_media":0,"parent":0,"menu_order":0,"comment_status":"closed","ping_status":"closed","template":"","meta":{"neve_meta_sidebar":"","neve_meta_container":"","neve_meta_enable_content_width":"","neve_meta_content_width":0,"neve_meta_title_alignment":"","neve_meta_author_avatar":"","neve_post_elements_order":"","neve_meta_disable_header":"off","neve_meta_disable_footer":"","neve_meta_disable_title":"on","_themeisle_gutenberg_block_has_review":false,"footnotes":""},"class_list":["post-75","page","type-page","status-publish","hentry"],"jetpack_sharing_enabled":true,"_links":{"self":[{"href":"https:\/\/www.nimfetka.pl\/index.php\/wp-json\/wp\/v2\/pages\/75","targetHints":{"allow":["GET"]}}],"collection":[{"href":"https:\/\/www.nimfetka.pl\/index.php\/wp-json\/wp\/v2\/pages"}],"about":[{"href":"https:\/\/www.nimfetka.pl\/index.php\/wp-json\/wp\/v2\/types\/page"}],"author":[{"embeddable":true,"href":"https:\/\/www.nimfetka.pl\/index.php\/wp-json\/wp\/v2\/users\/1"}],"replies":[{"embeddable":true,"href":"https:\/\/www.nimfetka.pl\/index.php\/wp-json\/wp\/v2\/comments?post=75"}],"version-history":[{"count":7,"href":"https:\/\/www.nimfetka.pl\/index.php\/wp-json\/wp\/v2\/pages\/75\/revisions"}],"predecessor-version":[{"id":1771,"href":"https:\/\/www.nimfetka.pl\/index.php\/wp-json\/wp\/v2\/pages\/75\/revisions\/1771"}],"wp:attachment":[{"href":"https:\/\/www.nimfetka.pl\/index.php\/wp-json\/wp\/v2\/media?parent=75"}],"curies":[{"name":"wp","href":"https:\/\/api.w.org\/{rel}","templated":true}]}}