{"id":68,"date":"2025-05-28T20:31:37","date_gmt":"2025-05-28T20:31:37","guid":{"rendered":"https:\/\/www.nimfetka.pl\/?page_id=68"},"modified":"2025-06-01T22:46:30","modified_gmt":"2025-06-01T22:46:30","slug":"najczesciej-zadawane-pytania","status":"publish","type":"page","link":"https:\/\/www.nimfetka.pl\/index.php\/najczesciej-zadawane-pytania\/","title":{"rendered":"Najcz\u0119\u015bciej zadawane pytania ?"},"content":{"rendered":"\n<div id=\"wp-block-themeisle-blocks-advanced-columns-36e48672\" class=\"wp-block-themeisle-blocks-advanced-columns alignfull has-1-columns has-desktop-equal-layout has-tablet-equal-layout has-mobile-equal-layout has-vertical-center\"><div class=\"wp-block-themeisle-blocks-advanced-columns-overlay\"><\/div><div class=\"innerblocks-wrap\">\n<div id=\"wp-block-themeisle-blocks-advanced-column-adc65de0\" class=\"wp-block-themeisle-blocks-advanced-column\">\n<h1 class=\"wp-block-heading has-text-align-center has-white-color has-text-color\">Najcz\u0119\u015bciej zadawane pytania ?<\/h1>\n\n\n\n<p class=\"has-text-align-center has-nv-text-dark-bg-color has-text-color\">Sprawd\u017a jakie pytania maj\u0105 Nimfetki przed z\u0142o\u017ceniem zam\u00f3wienia&#8230;<\/p>\n<\/div>\n<\/div><\/div>\n\n\n\n<p><\/p>\n\n\n\n<h2 class=\"wp-block-heading\">1. PROCES ZAMAWIANIA<\/h2>\n\n\n\n<h5 class=\"wp-block-heading\"><em>Jak z\u0142o\u017cy\u0107 zam\u00f3wienie<\/em><\/h5>\n\n\n\n<ul class=\"wp-block-list\">\n<li>Wybieraj\u0105c odpowiedni produkt, zaznacz jego wariant i wybierz ilo\u015b\u0107 i&nbsp; kliknij \u201eDodaj do koszyka\u201d.<\/li>\n\n\n\n<li>Po tym mo\u017cesz dodawa\u0107 inne produkty lub natychmiastowo przej\u015b\u0107 dalej, klikaj\u0105c \u201ePrzejd\u017a do p\u0142atno\u015bci\u201d.<\/li>\n\n\n\n<li>Na koniec, uzupe\u0142nij swoje dane kontaktowe i dokonaj p\u0142atno\u015bci za zam\u00f3wienie.<\/li>\n<\/ul>\n\n\n\n<h5 class=\"wp-block-heading\"><em>Kiedy dostan\u0119 potwierdzenie z\u0142o\u017cenia zam\u00f3wienia<\/em><\/h5>\n\n\n\n<p>Natychmiastowe potwierdzenie z\u0142o\u017cenia zam\u00f3wienia zostanie wys\u0142ane na podany adres e-mail. W wiadomo\u015bci otrzymasz wszystkie istotne informacje dotycz\u0105ce Twojego zam\u00f3wienia. Je\u017celi masz problem ze znalezieniem potwierdzenia na skrzynce pocztowej prosimy sprawdzi\u0107 folder SPAM, a w przypadku braku potwierdzenia prosimy si\u0119 skontaktowa\u0107 z nami.<\/p>\n\n\n\n<h2 class=\"wp-block-heading\">2. ZMIANY W ZAM\u00d3WIENIU<\/h2>\n\n\n\n<h5 class=\"wp-block-heading\"><em>Czy po z\u0142o\u017ceniu zam\u00f3wienia mog\u0119 zmieni\u0107 kolor lub rozmiar produkt\u00f3w<\/em><\/h5>\n\n\n\n<p>Je\u017celi zam\u00f3wienie nie zosta\u0142o jeszcze poddane do realizacji to jest mo\u017cliwo\u015b\u0107 zmiany koloru i rozmiaru. Prosimy o jak najszybsze poinformowanie nas o tym na maila <strong>kontakt.nimfetka@gmail.com <\/strong><br>W wiadomo\u015bci prosimy o podanie numeru zam\u00f3wienia i zmian, kt\u00f3re chcesz wprowadzi\u0107.<\/p>\n\n\n\n<h5 class=\"wp-block-heading\"><em>Czy po z\u0142o\u017ceniu zam\u00f3wienia mog\u0119 zmieni\u0107 adres wysy\u0142k<\/em>i<\/h5>\n\n\n\n<p>Je\u017celi zam\u00f3wienie nie zosta\u0142o jeszcze poddane do realizacji to jest mo\u017cliwo\u015b\u0107 zmiany adresu wysy\u0142ki. Prosimy o jak najszybsze poinformowanie nas o tym na maila <strong>kontakt.nimfetka@gmail.com <\/strong><br>W wiadomo\u015bci prosimy o podanie numeru zam\u00f3wienia i nowy adres dostawy.<\/p>\n\n\n\n<h2 class=\"wp-block-heading\">3. METODY P\u0141ATNO\u015aCI<\/h2>\n\n\n\n<h5 class=\"wp-block-heading\"><em>Dost\u0119pne metody p\u0142atno\u015bci<\/em><\/h5>\n\n\n\n<p>Aby zadba\u0107 o poczucie bezpiecze\u0144stwa naszych klient\u00f3w podczas zakup\u00f3w sklep jest obs\u0142ugiwany przez bramk\u0119 p\u0142atnicz\u0105 Montonio.com kt\u00f3ra oferuje:<\/p>\n\n\n\n<ul class=\"wp-block-list\">\n<li>Bezpieczna p\u0142atno\u015b\u0107 za po\u015brednictwem szybkiego przelewu<\/li>\n\n\n\n<li>Szybk\u0105 i bezpieczn\u0105 p\u0142atno\u015b\u0107 przy u\u017cyciu kodu BLIK<\/li>\n\n\n\n<li>P\u0142atno\u015b\u0107 za po\u015brednictwem szyfrowanej karty p\u0142atniczej VISA lub MasterCard<\/li>\n\n\n\n<li>P\u0142atno\u015b\u0107 u kuriera lub w Paczkomacie przy odbiorze przesy\u0142ki<\/li>\n<\/ul>\n\n\n\n<h5 class=\"wp-block-heading\"><em>Potwierdzenie p\u0142atno\u015bci<\/em><\/h5>\n\n\n\n<p>W przypadku p\u0142atno\u015bci za pomoc\u0105 bramki p\u0142atniczej <strong>Montonio.com<\/strong> przy u\u017cyciu szybkiego przelewu, karty p\u0142atniczej lub BLIKa, otrzymasz potwierdzenie transakcji od razu po udanej p\u0142atno\u015bci na podany adres e-mail. W przypadku p\u0142atno\u015bci przy odbiorze wysy\u0142ane jest jedynie potwierdzenie z\u0142o\u017cenia zam\u00f3wienia.<\/p>\n\n\n\n<h2 class=\"wp-block-heading\">4. METODY DOSTAWY<\/h2>\n\n\n\n<h5 class=\"wp-block-heading\"><em>Jaki jest koszt wysy\u0142ki<\/em><\/h5>\n\n\n\n<p>Koszt wysy\u0142ki jest uzale\u017cniony od wybranej opcji dostawy i jest widoczny w koszyku przez z\u0142o\u017ceniem zam\u00f3wienia. Dla zam\u00f3wie\u0144 powy\u017cej 200,00 z\u0142 i przedp\u0142acie wysy\u0142ka jest BEZP\u0141ATNA. <\/p>\n\n\n\n<h5 class=\"wp-block-heading\"><em>Jaki kurier dostarczy moj\u0105 przesy\u0142k\u0119<\/em><\/h5>\n\n\n\n<p>Przesy\u0142ki s\u0105 dor\u0119czane poprzez firm\u0119 kuriersk\u0105 Inpost do r\u0105k kupuj\u0105cego lub do automatu paczkowego w zale\u017cno\u015bci od wybranej opcji w zam\u00f3wieniu.<\/p>\n\n\n\n<h5 class=\"wp-block-heading\"><em>Jak sprawdzi\u0107 gdzie jest moja paczka<\/em><\/h5>\n\n\n\n<p>Link do \u015bledzenia paczki zostanie wys\u0142any w mailu z potwierdzeniem wysy\u0142k\u0119 na adres mailowy z zam\u00f3wienia.<\/p>\n\n\n\n<h2 class=\"wp-block-heading\">5. DOSTAWA I CZAS REALIZACJI<\/h2>\n\n\n\n<h5 class=\"wp-block-heading\"><em>Sk\u0105d wysy\u0142ane s\u0105 zam\u00f3wienia<\/em><\/h5>\n\n\n\n<p>Wszystkie zam\u00f3wienia wysy\u0142ane s\u0105 z Polski.<\/p>\n\n\n\n<h5 class=\"wp-block-heading\"><em>Ile trwa dostawa<\/em><\/h5>\n\n\n\n<p>Ca\u0142kowity czas realizacji zam\u00f3wienia wraz z wysy\u0142k\u0105 wynosi od 3 do 7 dni roboczych.<\/p>\n\n\n\n<h2 class=\"wp-block-heading\">6. REKLAMACJE<\/h2>\n\n\n\n<h5 class=\"wp-block-heading\"><em>Jak z\u0142o\u017cy\u0107 reklamacj\u0119 wadliwego produktu<\/em><\/h5>\n\n\n\n<p>W sytuacji gdy produkt nie dotar\u0142 w idealnym stanie, prosimy o informacj\u0119 na maila <strong>kontakt.nimfetka@gmail.com<\/strong> wraz z numerem zam\u00f3wienia oraz zdj\u0119ciami przedstawiaj\u0105cymi wad\u0119. W tytule wiadomo\u015bci prosz\u0119 napisa\u0107 REKLAMACJA.<\/p>\n\n\n\n<p><\/p>\n","protected":false},"excerpt":{"rendered":"<p>1. PROCES ZAMAWIANIA Jak z\u0142o\u017cy\u0107 zam\u00f3wienie Kiedy dostan\u0119 potwierdzenie z\u0142o\u017cenia zam\u00f3wienia Natychmiastowe potwierdzenie z\u0142o\u017cenia zam\u00f3wienia zostanie wys\u0142ane na podany adres e-mail. W wiadomo\u015bci otrzymasz wszystkie istotne informacje dotycz\u0105ce Twojego zam\u00f3wienia. Je\u017celi masz problem ze znalezieniem potwierdzenia na skrzynce pocztowej prosimy sprawdzi\u0107 folder SPAM, a w przypadku braku potwierdzenia prosimy si\u0119 skontaktowa\u0107 z nami. 2. ZMIANY&hellip;&nbsp;<\/p>\n","protected":false},"author":1,"featured_media":0,"parent":0,"menu_order":0,"comment_status":"closed","ping_status":"closed","template":"","meta":{"neve_meta_sidebar":"","neve_meta_container":"","neve_meta_enable_content_width":"","neve_meta_content_width":0,"neve_meta_title_alignment":"","neve_meta_author_avatar":"","neve_post_elements_order":"","neve_meta_disable_header":"","neve_meta_disable_footer":"","neve_meta_disable_title":"on","_themeisle_gutenberg_block_has_review":false,"footnotes":""},"class_list":["post-68","page","type-page","status-publish","hentry"],"jetpack_sharing_enabled":true,"_links":{"self":[{"href":"https:\/\/www.nimfetka.pl\/index.php\/wp-json\/wp\/v2\/pages\/68","targetHints":{"allow":["GET"]}}],"collection":[{"href":"https:\/\/www.nimfetka.pl\/index.php\/wp-json\/wp\/v2\/pages"}],"about":[{"href":"https:\/\/www.nimfetka.pl\/index.php\/wp-json\/wp\/v2\/types\/page"}],"author":[{"embeddable":true,"href":"https:\/\/www.nimfetka.pl\/index.php\/wp-json\/wp\/v2\/users\/1"}],"replies":[{"embeddable":true,"href":"https:\/\/www.nimfetka.pl\/index.php\/wp-json\/wp\/v2\/comments?post=68"}],"version-history":[{"count":13,"href":"https:\/\/www.nimfetka.pl\/index.php\/wp-json\/wp\/v2\/pages\/68\/revisions"}],"predecessor-version":[{"id":802,"href":"https:\/\/www.nimfetka.pl\/index.php\/wp-json\/wp\/v2\/pages\/68\/revisions\/802"}],"wp:attachment":[{"href":"https:\/\/www.nimfetka.pl\/index.php\/wp-json\/wp\/v2\/media?parent=68"}],"curies":[{"name":"wp","href":"https:\/\/api.w.org\/{rel}","templated":true}]}}