{"id":282,"date":"2020-09-10T11:29:10","date_gmt":"2020-09-10T11:29:10","guid":{"rendered":"https:\/\/demosites.io\/shop-gb\/?page_id=282"},"modified":"2025-06-22T05:17:02","modified_gmt":"2025-06-22T05:17:02","slug":"52e3e-contact","status":"publish","type":"page","link":"https:\/\/www.nimfetka.pl\/index.php\/52e3e-contact\/","title":{"rendered":"Contact"},"content":{"rendered":"\n<div id=\"wp-block-themeisle-blocks-advanced-columns-36e48672\" class=\"wp-block-themeisle-blocks-advanced-columns alignfull has-1-columns has-desktop-equal-layout has-tablet-equal-layout has-mobile-equal-layout has-vertical-center\"><div class=\"wp-block-themeisle-blocks-advanced-columns-overlay\"><\/div><div class=\"innerblocks-wrap\">\n<div id=\"wp-block-themeisle-blocks-advanced-column-adc65de0\" class=\"wp-block-themeisle-blocks-advanced-column\">\n<h1 class=\"wp-block-heading has-text-align-center has-white-color has-text-color\">Kontakt z ekip\u0105 nimfetki<\/h1>\n\n\n\n<p class=\"has-text-align-center has-nv-text-dark-bg-color has-text-color\">Skontaktuj si\u0119 z nami w dogodnym dla Ciebie czasie, a my z przyjemno\u015bci\u0105 skontaktujemy si\u0119 z Tob\u0105.<\/p>\n<\/div>\n<\/div><\/div>\n\n\n\n<div id=\"wp-block-themeisle-blocks-advanced-columns-045ac48f\" class=\"wp-block-themeisle-blocks-advanced-columns alignfull has-2-columns has-desktop-equal-layout has-tablet-equal-layout has-mobile-collapsedRows-layout has-vertical-unset\"><div class=\"wp-block-themeisle-blocks-advanced-columns-overlay\"><\/div><div class=\"innerblocks-wrap\">\n<div id=\"wp-block-themeisle-blocks-advanced-column-955a30cd\" class=\"wp-block-themeisle-blocks-advanced-column contact-form\">\n<h2 class=\"wp-block-heading has-text-align-left\">SKONTAKTUJ SI\u0118 Z NAMI<\/h2>\n\n\n\n<div id=\"wp-block-themeisle-blocks-form-faa8ba2c\" class=\"wp-block-themeisle-blocks-form ticss-49af4101 animated bounceInLeft\" data-option-name=\"bf9b28ff82ce323187abc5d0feb0d8f07ecd8436_faa8ba2c\"><form class=\"otter-form__container\">\n<div id=\"wp-block-themeisle-blocks-form-input-3dcefef8\" class=\"wp-block-themeisle-blocks-form-input\"><label for=\"wp-block-themeisle-blocks-form-input-3dcefef8-input\" class=\"otter-form-input-label\"><span class=\"otter-form-input-label__label\">Imi\u0119<\/span><span class=\"required\">*<\/span><\/label><input type=\"text\" id=\"wp-block-themeisle-blocks-form-input-3dcefef8-input\" required class=\"otter-form-input\"\/><\/div>\n\n\n\n<div id=\"wp-block-themeisle-blocks-form-input-bc30967c\" class=\"wp-block-themeisle-blocks-form-input\"><label for=\"wp-block-themeisle-blocks-form-input-bc30967c-input\" class=\"otter-form-input-label\"><span class=\"otter-form-input-label__label\">Tw\u00f3j e-mail<\/span><span class=\"required\">*<\/span><\/label><input type=\"email\" id=\"wp-block-themeisle-blocks-form-input-bc30967c-input\" required class=\"otter-form-input\"\/><\/div>\n\n\n\n<div id=\"wp-block-themeisle-blocks-form-input-b3ad3469\" class=\"wp-block-themeisle-blocks-form-input\"><label for=\"wp-block-themeisle-blocks-form-input-b3ad3469-input\" class=\"otter-form-input-label\"><span class=\"otter-form-input-label__label\">Temat wiadomo\u015bci<\/span><span class=\"required\">*<\/span><\/label><input type=\"text\" id=\"wp-block-themeisle-blocks-form-input-b3ad3469-input\" required class=\"otter-form-input\"\/><\/div>\n\n\n\n<div id=\"wp-block-themeisle-blocks-form-textarea-dea326cc\" class=\"wp-block-themeisle-blocks-form-textarea\"><label for=\"wp-block-themeisle-blocks-form-textarea-dea326cc-input\" class=\"otter-form-textarea-label\"><span class=\"otter-form-textarea-label__label\">Twoja wiadomo\u015b\u0107<\/span><span class=\"required\">*<\/span><\/label><textarea id=\"wp-block-themeisle-blocks-form-textarea-dea326cc-input\" required rows=\"10\" class=\"otter-form-textarea-input\"><\/textarea><\/div>\n\n\n<div class=\"protection\" aria-hidden=\"true\"><input type=\"hidden\" id=\"wp-block-themeisle-blocks-form-faa8ba2c_nonce_field\" name=\"wp-block-themeisle-blocks-form-faa8ba2c_nonce_field\" value=\"9397a9c790\" \/><input type=\"hidden\" name=\"_wp_http_referer\" value=\"\/index.php\/wp-json\/wp\/v2\/pages\/282\" \/><input class=\"o-anti-bot\" type=\"checkbox\"><\/div><div class=\"wp-block-button\"><button class=\"wp-block-button__link\" type=\"submit\">Wy\u015blij !<\/button><\/div><\/form><\/div>\n<\/div>\n\n\n\n<div id=\"wp-block-themeisle-blocks-advanced-column-49362605\" class=\"wp-block-themeisle-blocks-advanced-column\">\n<p><\/p>\n\n\n\n<p><\/p>\n\n\n\n<p>Jeste\u015bmy tutaj, aby pom\u00f3c w przypadku jakichkolwiek pyta\u0144 lub w\u0105tpliwo\u015bci! Niezale\u017cnie od tego, czy potrzebujesz pomocy przy zam\u00f3wieniu, doborze rozmiaru, czy po prostu chcesz dowiedzie\u0107 si\u0119 wi\u0119cej o naszych kolekcjach, skontaktuj si\u0119 z nami.<\/p>\n\n\n\n<p>Wy\u015blij do nas e-mail ( <a href=\"mailto:kontakt.nimfetka@gmail.com\">kontakt.nimfetka@mail.com<\/a><a href=\"kontakt.nimfetka@gmail.com\" data-type=\"link\" data-id=\"kontakt.nimfetka@gmail.com\"> <\/a>) lub skorzystaj z poni\u017cszego formularza, a my skontaktujemy si\u0119 z Tob\u0105 tak szybko, jak to mo\u017cliwe. Sprawmy, aby Twoje zakupy by\u0142y p\u0142ynne i stylowe!<\/p>\n\n\n\n<p>Zanim skontaktujesz si\u0119 z nami, serdecznie zach\u0119camy do zajrzenia do sekcji \u201e<a href=\"https:\/\/www.nimfetka.pl\/index.php\/najczesciej-zadawane-pytania\/\">Najcz\u0119\u015bciej zadawane pytania ?<\/a>\u201d gdzie mo\u017cna znale\u017a\u0107 odpowiedzi na najcz\u0119\u015bciej pojawiaj\u0105ce si\u0119 pytania.<\/p>\n\n\n\n<hr class=\"wp-block-separator has-alpha-channel-opacity\"\/>\n\n\n\n<p>Obs\u0142uga klienta jest dost\u0119pna od poniedzia\u0142ku do pi\u0105tku, z wyj\u0105tkiem dni ustawowo wolnych od pracy w godzinach od 10:00 do 17:00. <br>Czekamy na kontakt z Twojej strony!<\/p>\n\n\n\n<div id=\"wp-block-themeisle-blocks-button-group-eea5f4db\" class=\"wp-block-themeisle-blocks-button-group wp-block-buttons align-left-desktop\">\n<div id=\"wp-block-themeisle-blocks-button-711217a9\" class=\"wp-block-themeisle-blocks-button wp-block-button\"><a href=\"https:\/\/www.facebook.com\/profile.php?id=61576719784381\" target=\"_self\" rel=\"noopener noreferrer\" class=\"wp-block-button__link\"><i class=\"fab fa-fw fa-facebook-f\"><\/i><\/a><\/div>\n\n\n\n<div id=\"wp-block-themeisle-blocks-button-09879892\" class=\"wp-block-themeisle-blocks-button wp-block-button\"><a href=\"https:\/\/www.instagram.com\/nimfetka.pl\" target=\"_self\" rel=\"noopener noreferrer\" class=\"wp-block-button__link\"><i class=\"fab fa-fw fa-instagram\"><\/i><\/a><\/div>\n\n\n\n<div id=\"wp-block-themeisle-blocks-button-044a5a5d\" class=\"wp-block-themeisle-blocks-button wp-block-button\"><a href=\"https:\/\/www.tiktok.com\/@nimfetka.pl\" target=\"_self\" rel=\"noopener noreferrer\" class=\"wp-block-button__link\"><i class=\"fab fa-fw fa-tiktok\"><\/i><\/a><\/div>\n\n\n\n<div id=\"wp-block-themeisle-blocks-button-603702d3\" class=\"wp-block-themeisle-blocks-button wp-block-button\"><a href=\"https:\/\/x.com\/NimfetkaPL\" target=\"_self\" rel=\"noopener noreferrer\" class=\"wp-block-button__link\"><i class=\"fab fa-fw fa-twitter\"><\/i><\/a><\/div>\n<\/div>\n<\/div>\n<\/div><\/div>\n\n\n\n<p><\/p>\n","protected":false},"excerpt":{"rendered":"","protected":false},"author":1,"featured_media":0,"parent":0,"menu_order":0,"comment_status":"closed","ping_status":"closed","template":"","meta":{"neve_meta_sidebar":"full-width","neve_meta_container":"","neve_meta_enable_content_width":"on","neve_meta_content_width":100,"neve_meta_title_alignment":"center","neve_meta_author_avatar":"","neve_post_elements_order":"","neve_meta_disable_header":"","neve_meta_disable_footer":"","neve_meta_disable_title":"on","_themeisle_gutenberg_block_has_review":false,"footnotes":""},"class_list":["post-282","page","type-page","status-publish","hentry"],"jetpack_sharing_enabled":true,"_links":{"self":[{"href":"https:\/\/www.nimfetka.pl\/index.php\/wp-json\/wp\/v2\/pages\/282","targetHints":{"allow":["GET"]}}],"collection":[{"href":"https:\/\/www.nimfetka.pl\/index.php\/wp-json\/wp\/v2\/pages"}],"about":[{"href":"https:\/\/www.nimfetka.pl\/index.php\/wp-json\/wp\/v2\/types\/page"}],"author":[{"embeddable":true,"href":"https:\/\/www.nimfetka.pl\/index.php\/wp-json\/wp\/v2\/users\/1"}],"replies":[{"embeddable":true,"href":"https:\/\/www.nimfetka.pl\/index.php\/wp-json\/wp\/v2\/comments?post=282"}],"version-history":[{"count":13,"href":"https:\/\/www.nimfetka.pl\/index.php\/wp-json\/wp\/v2\/pages\/282\/revisions"}],"predecessor-version":[{"id":1763,"href":"https:\/\/www.nimfetka.pl\/index.php\/wp-json\/wp\/v2\/pages\/282\/revisions\/1763"}],"wp:attachment":[{"href":"https:\/\/www.nimfetka.pl\/index.php\/wp-json\/wp\/v2\/media?parent=282"}],"curies":[{"name":"wp","href":"https:\/\/api.w.org\/{rel}","templated":true}]}}