{"id":11,"date":"2025-05-28T20:34:33","date_gmt":"2025-05-28T20:34:33","guid":{"rendered":"https:\/\/www.nimfetka.pl\/?page_id=11"},"modified":"2025-06-09T17:22:31","modified_gmt":"2025-06-09T17:22:31","slug":"zwroty","status":"publish","type":"page","link":"https:\/\/www.nimfetka.pl\/index.php\/zwroty\/","title":{"rendered":"Polityka zwrot\u00f3w"},"content":{"rendered":"\n<div id=\"wp-block-themeisle-blocks-advanced-columns-36e48672\" class=\"wp-block-themeisle-blocks-advanced-columns alignfull has-1-columns has-desktop-equal-layout has-tablet-equal-layout has-mobile-equal-layout has-vertical-center\"><div class=\"wp-block-themeisle-blocks-advanced-columns-overlay\"><\/div><div class=\"innerblocks-wrap\">\n<div id=\"wp-block-themeisle-blocks-advanced-column-adc65de0\" class=\"wp-block-themeisle-blocks-advanced-column\">\n<h1 class=\"wp-block-heading has-text-align-center has-white-color has-text-color\">Polityka zwrot\u00f3w<\/h1>\n\n\n\n<p class=\"has-text-align-center has-nv-text-dark-bg-color has-text-color\">Nie trafiony zakup ? Sprawd\u017a co zrobi\u0107&#8230;<\/p>\n<\/div>\n<\/div><\/div>\n\n\n\n<p><\/p>\n\n\n\n<ul class=\"wp-block-list\">\n<li>Klient ma mo\u017cliwo\u015b\u0107 z\u0142o\u017cenia deklaracji o zwrocie zakupionego towaru od Sprzedawcy w ci\u0105gu 14 dni od daty otrzymania zam\u00f3wienia.<\/li>\n\n\n\n<li>Razem z deklaracj\u0105 o zwrocie towaru Klient zobowi\u0105zuje si\u0119 wys\u0142a\u0107 towar do Sprzedawcy w ci\u0105gu 14 dni od daty otrzymania. Towar nale\u017cy dostarczy\u0107 na adres Sprzedawcy, kt\u00f3ry zostanie udost\u0119pniony w mailu potwierdzaj\u0105cym fakt ch\u0119ci zwrotu.<\/li>\n\n\n\n<li>Sprzedawca zobowi\u0105zuje si\u0119 do zwr\u00f3cenia Klientowi ceny produktu nie p\u00f3\u017aniej ni\u017c 7 dni od daty otrzymania towaru. Zwrot p\u0142atno\u015bci b\u0119dzie dokonany za pomoc\u0105 tego samego sposobu p\u0142atno\u015bci, kt\u00f3ry zosta\u0142 u\u017cyty przez Klienta. Klient mo\u017ce wyrazi\u0107 zgod\u0119 na inne rozwi\u0105zanie zwrotu, kt\u00f3re nie wi\u0105\u017ce si\u0119 z \u017cadnymi kosztami.<\/li>\n\n\n\n<li>Aby z\u0142o\u017cy\u0107 deklaracj\u0119 o zwrocie, nale\u017cy wype\u0142ni\u0107\u00a0<strong><a href=\"https:\/\/www.nimfetka.pl\/wp-content\/uploads\/2025\/06\/Oswiadczenie_o_odstpieniu_od_umowy_zawartej_na_odlegosc_Nimfetka.pdf\" data-type=\"link\" data-id=\"https:\/\/www.nimfetka.pl\/wp-content\/uploads\/2025\/06\/Oswiadczenie_o_odstpieniu_od_umowy_zawartej_na_odlegosc_Nimfetka.pdf\">formularz zwrotu<\/a><\/strong>\u00a0i przes\u0142a\u0107 go drog\u0105 elektroniczn\u0105 na adres e-mail: <strong>kontakt.nimfetka@gmail.com <\/strong><br>Koszty przesy\u0142ki towaru do Sprzedawcy ponosi Klient.<\/li>\n\n\n\n<li>Ze wzgl\u0119du na ochron\u0119 zdrowia lub wzgl\u0119dy higieniczne, zwroty lub wymiany produkt\u00f3w s\u0105 mo\u017cliwe wy\u0142\u0105cznie w przypadku towar\u00f3w oryginalnie zapakowanych w zapiecz\u0119towan\u0105 paczk\u0119 pocztow\u0105.<\/li>\n<\/ul>\n\n\n\n<div class=\"wp-block-file\"><a href=\"https:\/\/www.nimfetka.pl\/wp-content\/uploads\/2025\/06\/Oswiadczenie_o_odstpieniu_od_umowy_zawartej_na_odlegosc_Nimfetka.pdf\" class=\"wp-block-file__button wp-element-button\" download>Pobierz formularz zwrotu<\/a><\/div>\n\n\n\n<p><\/p>\n","protected":false},"excerpt":{"rendered":"","protected":false},"author":1,"featured_media":0,"parent":0,"menu_order":0,"comment_status":"closed","ping_status":"closed","template":"","meta":{"neve_meta_sidebar":"","neve_meta_container":"","neve_meta_enable_content_width":"","neve_meta_content_width":0,"neve_meta_title_alignment":"","neve_meta_author_avatar":"","neve_post_elements_order":"","neve_meta_disable_header":"","neve_meta_disable_footer":"","neve_meta_disable_title":"on","_themeisle_gutenberg_block_has_review":false,"footnotes":""},"class_list":["post-11","page","type-page","status-publish","hentry"],"jetpack_sharing_enabled":true,"_links":{"self":[{"href":"https:\/\/www.nimfetka.pl\/index.php\/wp-json\/wp\/v2\/pages\/11","targetHints":{"allow":["GET"]}}],"collection":[{"href":"https:\/\/www.nimfetka.pl\/index.php\/wp-json\/wp\/v2\/pages"}],"about":[{"href":"https:\/\/www.nimfetka.pl\/index.php\/wp-json\/wp\/v2\/types\/page"}],"author":[{"embeddable":true,"href":"https:\/\/www.nimfetka.pl\/index.php\/wp-json\/wp\/v2\/users\/1"}],"replies":[{"embeddable":true,"href":"https:\/\/www.nimfetka.pl\/index.php\/wp-json\/wp\/v2\/comments?post=11"}],"version-history":[{"count":5,"href":"https:\/\/www.nimfetka.pl\/index.php\/wp-json\/wp\/v2\/pages\/11\/revisions"}],"predecessor-version":[{"id":1237,"href":"https:\/\/www.nimfetka.pl\/index.php\/wp-json\/wp\/v2\/pages\/11\/revisions\/1237"}],"wp:attachment":[{"href":"https:\/\/www.nimfetka.pl\/index.php\/wp-json\/wp\/v2\/media?parent=11"}],"curies":[{"name":"wp","href":"https:\/\/api.w.org\/{rel}","templated":true}]}}